{"id":5238,"date":"2023-07-09T09:07:01","date_gmt":"2023-07-09T12:07:01","guid":{"rendered":"https:\/\/kiagrosoluciones.com\/questions-frequemment-posees\/"},"modified":"2025-04-08T00:26:19","modified_gmt":"2025-04-08T03:26:19","slug":"questions-frequemment-posees","status":"publish","type":"page","link":"https:\/\/kiagrosoluciones.com\/fr\/questions-frequemment-posees\/","title":{"rendered":"Questions fr\u00e9quemment pos\u00e9es"},"content":{"rendered":"[vc_row type=\u00a0\u00bbfull_width_content\u00a0\u00bb full_screen_row_position=\u00a0\u00bbmiddle\u00a0\u00bb column_margin=\u00a0\u00bbdefault\u00a0\u00bb equal_height=\u00a0\u00bbyes\u00a0\u00bb content_placement=\u00a0\u00bbtop\u00a0\u00bb column_direction=\u00a0\u00bbdefault\u00a0\u00bb column_direction_tablet=\u00a0\u00bbdefault\u00a0\u00bb column_direction_phone=\u00a0\u00bbdefault\u00a0\u00bb bg_color=\u00a0\u00bb#b7ce42&Prime; bg_image=\u00a0\u00bb535&Prime; bg_position=\u00a0\u00bbleft top\u00a0\u00bb background_image_loading=\u00a0\u00bbdefault\u00a0\u00bb bg_repeat=\u00a0\u00bbno-repeat\u00a0\u00bb scene_position=\u00a0\u00bbcenter\u00a0\u00bb top_padding=\u00a0\u00bb12%\u00a0\u00bb bottom_padding=\u00a0\u00bb5%\u00a0\u00bb left_padding_desktop=\u00a0\u00bb8%\u00a0\u00bb constrain_group_2=\u00a0\u00bbyes\u00a0\u00bb right_padding_desktop=\u00a0\u00bb8%\u00a0\u00bb bottom_padding_tablet=\u00a0\u00bb12%\u00a0\u00bb left_padding_tablet=\u00a0\u00bb20vw\u00a0\u00bb constrain_group_4=\u00a0\u00bbyes\u00a0\u00bb right_padding_tablet=\u00a0\u00bb20vw\u00a0\u00bb left_padding_phone=\u00a0\u00bb7vw\u00a0\u00bb constrain_group_6=\u00a0\u00bbyes\u00a0\u00bb right_padding_phone=\u00a0\u00bb7vw\u00a0\u00bb text_color=\u00a0\u00bbdark\u00a0\u00bb text_align=\u00a0\u00bbleft\u00a0\u00bb row_border_radius=\u00a0\u00bbnone\u00a0\u00bb row_border_radius_applies=\u00a0\u00bbbg\u00a0\u00bb overflow=\u00a0\u00bbvisible\u00a0\u00bb id=\u00a0\u00bbfaq\u00a0\u00bb enable_gradient=\u00a0\u00bbtrue\u00a0\u00bb color_overlay=\u00a0\u00bb#b7ce42&Prime; color_overlay_2=\u00a0\u00bb#728e00&Prime; advanced_gradient_angle=\u00a0\u00bb0&Prime; overlay_strength=\u00a0\u00bb0.8&Prime; gradient_direction=\u00a0\u00bbleft_to_right\u00a0\u00bb shape_divider_position=\u00a0\u00bbbottom\u00a0\u00bb bg_image_animation=\u00a0\u00bbnone\u00a0\u00bb gradient_type=\u00a0\u00bbdefault\u00a0\u00bb shape_type=\u00a0\u00bb\u00a0\u00bb][vc_column column_element_direction_desktop=\u00a0\u00bbdefault\u00a0\u00bb column_element_spacing=\u00a0\u00bb0px\u00a0\u00bb desktop_text_alignment=\u00a0\u00bbdefault\u00a0\u00bb tablet_text_alignment=\u00a0\u00bbdefault\u00a0\u00bb phone_text_alignment=\u00a0\u00bbdefault\u00a0\u00bb background_color_opacity=\u00a0\u00bb1&Prime; background_hover_color_opacity=\u00a0\u00bb1&Prime; column_backdrop_filter=\u00a0\u00bbnone\u00a0\u00bb column_shadow=\u00a0\u00bbnone\u00a0\u00bb column_border_radius=\u00a0\u00bbnone\u00a0\u00bb column_link_target=\u00a0\u00bb_self\u00a0\u00bb column_position=\u00a0\u00bbstatic\u00a0\u00bb advanced_gradient_angle=\u00a0\u00bb65&Prime; width=\u00a0\u00bb1\/2&Prime; tablet_width_inherit=\u00a0\u00bbdefault\u00a0\u00bb animation_type=\u00a0\u00bbdefault\u00a0\u00bb bg_image_animation=\u00a0\u00bbnone\u00a0\u00bb border_type=\u00a0\u00bbsimple\u00a0\u00bb column_border_width=\u00a0\u00bbnone\u00a0\u00bb column_border_style=\u00a0\u00bbsolid\u00a0\u00bb column_padding_type=\u00a0\u00bbadvanced\u00a0\u00bb gradient_type=\u00a0\u00bbadvanced\u00a0\u00bb advanced_gradient_display_type=\u00a0\u00bblinear\u00a0\u00bb][vc_row_inner content_placement=\u00a0\u00bbtop\u00a0\u00bb column_margin=\u00a0\u00bbdefault\u00a0\u00bb column_direction=\u00a0\u00bbdefault\u00a0\u00bb column_direction_tablet=\u00a0\u00bbdefault\u00a0\u00bb column_direction_phone=\u00a0\u00bbdefault\u00a0\u00bb bottom_padding=\u00a0\u00bb7%\u00a0\u00bb text_align=\u00a0\u00bbleft\u00a0\u00bb row_position=\u00a0\u00bbdefault\u00a0\u00bb row_position_tablet=\u00a0\u00bbinherit\u00a0\u00bb row_position_phone=\u00a0\u00bbinherit\u00a0\u00bb overflow=\u00a0\u00bbvisible\u00a0\u00bb pointer_events=\u00a0\u00bball\u00a0\u00bb][vc_column_inner column_padding=\u00a0\u00bbno-extra-padding\u00a0\u00bb column_padding_tablet=\u00a0\u00bbinherit\u00a0\u00bb column_padding_phone=\u00a0\u00bbinherit\u00a0\u00bb column_padding_position=\u00a0\u00bball\u00a0\u00bb column_element_direction_desktop=\u00a0\u00bbdefault\u00a0\u00bb column_element_spacing=\u00a0\u00bb0px\u00a0\u00bb desktop_text_alignment=\u00a0\u00bbdefault\u00a0\u00bb tablet_text_alignment=\u00a0\u00bbdefault\u00a0\u00bb phone_text_alignment=\u00a0\u00bbdefault\u00a0\u00bb background_color_opacity=\u00a0\u00bb1&Prime; background_hover_color_opacity=\u00a0\u00bb1&Prime; column_backdrop_filter=\u00a0\u00bbnone\u00a0\u00bb column_shadow=\u00a0\u00bbnone\u00a0\u00bb column_border_radius=\u00a0\u00bbnone\u00a0\u00bb column_link_target=\u00a0\u00bb_self\u00a0\u00bb overflow=\u00a0\u00bbvisible\u00a0\u00bb gradient_direction=\u00a0\u00bbleft_to_right\u00a0\u00bb overlay_strength=\u00a0\u00bb0.3&Prime; width=\u00a0\u00bb1\/1&Prime; tablet_width_inherit=\u00a0\u00bbdefault\u00a0\u00bb animation_type=\u00a0\u00bbdefault\u00a0\u00bb enable_animation=\u00a0\u00bbtrue\u00a0\u00bb animation=\u00a0\u00bbfade-in\u00a0\u00bb animation_easing=\u00a0\u00bbdefault\u00a0\u00bb bg_image_animation=\u00a0\u00bbnone\u00a0\u00bb border_type=\u00a0\u00bbsimple\u00a0\u00bb column_border_width=\u00a0\u00bbnone\u00a0\u00bb column_border_style=\u00a0\u00bbsolid\u00a0\u00bb column_padding_type=\u00a0\u00bbdefault\u00a0\u00bb gradient_type=\u00a0\u00bbdefault\u00a0\u00bb animation_offset=\u00a0\u00bb90%\u00a0\u00bb][nectar_highlighted_text text_color=\u00a0\u00bb#ffffff\u00a0\u00bb scribble_color=\u00a0\u00bb#14375a\u00a0\u00bb style=\u00a0\u00bbscribble\u00a0\u00bb scribble_shape=\u00a0\u00bbsquiggle-underline\u00a0\u00bb scribble_thickness=\u00a0\u00bbthick\u00a0\u00bb scribble_speed=\u00a0\u00bb1.8s\u00a0\u00bb scribble_easing=\u00a0\u00bbease_in_out\u00a0\u00bb custom_font_size=\u00a0\u00bb3vw\u00a0\u00bb id=\u00a0\u00bbcircle-highlight2&Prime; font_line_height=\u00a0\u00bb1.4&Prime; font_size_tablet=\u00a0\u00bb4vw\u00a0\u00bb font_size_phone=\u00a0\u00bb5vw\u00a0\u00bb]\n<h2>Questions<\/h2>\n<h2><em>fr\u00e9quents<\/em><\/h2>\n[\/nectar_highlighted_text][divider line_type=\u00a0\u00bbNo Line\u00a0\u00bb custom_height=\u00a0\u00bb2vh\u00a0\u00bb][\/vc_column_inner][\/vc_row_inner][\/vc_column][vc_column column_padding=\u00a0\u00bbno-extra-padding\u00a0\u00bb column_padding_tablet=\u00a0\u00bbinherit\u00a0\u00bb column_padding_phone=\u00a0\u00bbinherit\u00a0\u00bb column_padding_position=\u00a0\u00bball\u00a0\u00bb column_element_direction_desktop=\u00a0\u00bbdefault\u00a0\u00bb column_element_spacing=\u00a0\u00bbdefault\u00a0\u00bb desktop_text_alignment=\u00a0\u00bbdefault\u00a0\u00bb tablet_text_alignment=\u00a0\u00bbdefault\u00a0\u00bb phone_text_alignment=\u00a0\u00bbdefault\u00a0\u00bb background_color=\u00a0\u00bb#ffffff\u00a0\u00bb background_color_opacity=\u00a0\u00bb1&Prime; background_hover_color_opacity=\u00a0\u00bb1&Prime; column_backdrop_filter=\u00a0\u00bbnone\u00a0\u00bb column_shadow=\u00a0\u00bbnone\u00a0\u00bb column_border_radius=\u00a0\u00bbnone\u00a0\u00bb column_link_target=\u00a0\u00bb_self\u00a0\u00bb column_position=\u00a0\u00bbdefault\u00a0\u00bb gradient_direction=\u00a0\u00bbleft_to_right\u00a0\u00bb overlay_strength=\u00a0\u00bb0.3&Prime; width=\u00a0\u00bb1\/2&Prime; tablet_width_inherit=\u00a0\u00bbdefault\u00a0\u00bb animation_type=\u00a0\u00bbdefault\u00a0\u00bb bg_image_animation=\u00a0\u00bbnone\u00a0\u00bb border_type=\u00a0\u00bbsimple\u00a0\u00bb column_border_width=\u00a0\u00bbnone\u00a0\u00bb column_border_style=\u00a0\u00bbsolid\u00a0\u00bb column_padding_type=\u00a0\u00bbdefault\u00a0\u00bb gradient_type=\u00a0\u00bbdefault\u00a0\u00bb][toggles style=\u00a0\u00bbminimal_shadow\u00a0\u00bb accordion=\u00a0\u00bbtrue\u00a0\u00bb accordion_starting_functionality=\u00a0\u00bbclosed\u00a0\u00bb border_radius=\u00a0\u00bbnone\u00a0\u00bb][toggle color=\u00a0\u00bbAccent-Color\u00a0\u00bb heading_tag=\u00a0\u00bbh3&Prime; heading_tag_functionality=\u00a0\u00bbdefault\u00a0\u00bb title=\u00a0\u00bbQuels sont les avantages de l&rsquo;incorporation du syst\u00e8me Ki dans mes cultures ?\u00a0\u00bb][vc_column_text]\n<ul>\n<li style=\"font-weight: 400;\" aria-level=\"1\"><b>Moins de produits chimiques, plus d&rsquo;\u00e9conomies: <\/b>M<span style=\"font-weight: 400;\">oins d&rsquo;utilisation d&rsquo;herbicides et d&rsquo;engrais.<\/span><\/li>\n<li style=\"font-weight: 400;\" aria-level=\"1\"><b>Gestion efficace des p\u00e2turages: <\/b><span style=\"font-weight: 400;\">Lutte contre les mauvaises herbes de mani\u00e8re naturelle.<\/span><\/li>\n<li style=\"font-weight: 400;\" aria-level=\"1\"><b>R\u00e9duction des co\u00fbts d&rsquo;exploitation: <\/b><span style=\"font-weight: 400;\">Permet de r\u00e9aliser des \u00e9conomies en termes de main-d&rsquo;\u0153uvre, de carburant et d&rsquo;autres co\u00fbts.<\/span><\/li>\n<li style=\"font-weight: 400;\" aria-level=\"1\"><b>Diversification des activit\u00e9s: <\/b><span style=\"font-weight: 400;\">Int\u00e9gration de l&rsquo;\u00e9levage et de la production fruiti\u00e8re par l&rsquo;incorporation d&rsquo;une nouvelle activit\u00e9 dans la m\u00eame propri\u00e9t\u00e9 productive.<\/span><\/li>\n<li style=\"font-weight: 400;\" aria-level=\"1\"><b>Valorisation de la production: <\/b><span style=\"font-weight: 400;\">Il permet la production d&rsquo;un produit \u00e9cologique, particuli\u00e8rement appr\u00e9ci\u00e9 sur les march\u00e9s sophistiqu\u00e9s. <\/span><\/li>\n<\/ul>\n<p>&nbsp;<\/p>\n<p><span style=\"font-weight: 400;\">Ces avantages peuvent non seulement se combiner, mais aussi se renforcer mutuellement, ce qui a un impact positif sur l&rsquo;efficacit\u00e9 et la rentabilit\u00e9 de l&rsquo;exploitation.<\/span>[\/vc_column_text][\/toggle][toggle color=\u00a0\u00bbAccent-Color\u00a0\u00bb heading_tag=\u00a0\u00bbh3&Prime; heading_tag_functionality=\u00a0\u00bbdefault\u00a0\u00bb title=\u00a0\u00bbLe syst\u00e8me Ki emp\u00eache-t-il les arbres fruitiers de brouter ?\u00a0\u00bb][vc_column_text]<span style=\"font-weight: 400;\">Le syst\u00e8me Ki est con\u00e7u pour contr\u00f4ler l&rsquo;abroutissement des branches basses dans la production fruiti\u00e8re. L&rsquo;efficacit\u00e9 du syst\u00e8me d\u00e9pend de l&rsquo;existence d&rsquo;une quantit\u00e9 suffisante d&rsquo;herbe pour que les animaux puissent satisfaire leurs besoins nutritionnels et ne soient pas attir\u00e9s par les cultures. Elle d\u00e9pend \u00e9galement du bon r\u00e9glage de la museli\u00e8re, un point sur lequel notre service technique vous conseille et vous soutient. Nous ne recommandons pas l&rsquo;utilisation du syst\u00e8me Ki si la culture est au stade v\u00e9g\u00e9tatif pr\u00e9coce. <\/span>[\/vc_column_text][\/toggle][toggle color=\u00a0\u00bbAccent-Color\u00a0\u00bb heading_tag=\u00a0\u00bbh3&Prime; heading_tag_functionality=\u00a0\u00bbdefault\u00a0\u00bb title=\u00a0\u00bbPuis-je utiliser le Syst\u00e8me Ki pour n&rsquo;importe quelle culture fruiti\u00e8re ?\u00a0\u00bb][vc_column_text]<span style=\"font-weight: 400;\">Oui, le syst\u00e8me Ki est efficace pour emp\u00eacher les moutons ou les ch\u00e8vres de brouter et d&rsquo;endommager les arbres fruitiers \u00e0 partir de la hauteur de la t\u00eate. Cela prot\u00e8ge la culture et permet aux moutons de se nourrir des herbes situ\u00e9es en dessous de cette hauteur. \u00c0 titre de r\u00e9f\u00e9rence, cette hauteur doit \u00eatre sup\u00e9rieure \u00e0 un m\u00e8tre, en fonction de la race et de la cat\u00e9gorie des animaux. <\/span><\/p>\n<p><span style=\"font-weight: 400;\">Si vous avez des questions, n&rsquo;h\u00e9sitez pas \u00e0 nous contacter et nous vous conseillerons.<\/span>[\/vc_column_text][\/toggle][toggle color=\u00a0\u00bbAccent-Color\u00a0\u00bb heading_tag=\u00a0\u00bbh3&Prime; heading_tag_functionality=\u00a0\u00bbdefault\u00a0\u00bb title=\u00a0\u00bbQuelle quantit\u00e9 d&rsquo;herbe dois-je avoir pour utiliser des animaux dans la culture ?\u00a0\u00bb][vc_column_text]<span style=\"font-weight: 400;\">Le syst\u00e8me Ki est sp\u00e9cialement con\u00e7u pour le p\u00e2turage des moutons et\/ou des ch\u00e8vres dans les vergers. Pour que le syst\u00e8me soit efficace, il est important d&rsquo;avoir une r\u00e9serve de p\u00e2turage entre et sous les cultures afin de garantir la disponibilit\u00e9 de nourriture pour les animaux. <\/span><\/p>\n<p><span style=\"font-weight: 400;\">En cas de faible approvisionnement en herbe, les animaux chercheront \u00e0 satisfaire leur faim d&rsquo;une mani\u00e8re ou d&rsquo;une autre, ce qui peut entra\u00eener des dommages aux cultures.<\/span><\/p>\n<p><span style=\"font-weight: 400;\">Si vous avez des questions, n&rsquo;h\u00e9sitez pas \u00e0 nous contacter et nous vous conseillerons.<\/span>[\/vc_column_text][\/toggle][toggle color=\u00a0\u00bbAccent-Color\u00a0\u00bb heading_tag=\u00a0\u00bbh3&Prime; heading_tag_functionality=\u00a0\u00bbdefault\u00a0\u00bb title=\u00a0\u00bbAvez-vous des museli\u00e8res Ki de diff\u00e9rentes tailles ?\u00a0\u00bb][vc_column_text]<span style=\"font-weight: 400;\">Les museli\u00e8res Ki sont de taille unique, mais elles sont r\u00e9glables en 4 points. <\/span><span style=\"font-weight: 400;\">a un harnais avec 4 points de r\u00e9glage variable pour l&rsquo;adapter aux diff\u00e9rentes tailles et morphologies des diff\u00e9rentes races.<\/span>[\/vc_column_text][\/toggle][toggle color=\u00a0\u00bbAccent-Color\u00a0\u00bb heading_tag=\u00a0\u00bbh3&Prime; heading_tag_functionality=\u00a0\u00bbdefault\u00a0\u00bb title=\u00a0\u00bbConviennent-ils \u00e0 toutes les races de moutons ou de ch\u00e8vres ?\u00a0\u00bb][vc_column_text]<span style=\"font-weight: 400;\">Oui, les museli\u00e8res Ki ont \u00e9t\u00e9 test\u00e9es sur diff\u00e9rentes races de moutons et de ch\u00e8vres et sont adaptables gr\u00e2ce \u00e0 leurs 4 points de r\u00e9glage. <\/span><\/p>\n<p><span style=\"font-weight: 400;\">Si vous avez des doutes sur une race sp\u00e9cifique, contactez-nous et nous vous conseillerons.<\/span>[\/vc_column_text][\/toggle][toggle color=\u00a0\u00bbAccent-Color\u00a0\u00bb heading_tag=\u00a0\u00bbh3&Prime; heading_tag_functionality=\u00a0\u00bbdefault\u00a0\u00bb title=\u00a0\u00bbPeuvent-ils \u00eatre utilis\u00e9s sur d&rsquo;autres animaux ?\u00a0\u00bb][vc_column_text]<span style=\"font-weight: 400;\">Ils sont id\u00e9aux pour les moutons et les ch\u00e8vres et sont recommand\u00e9s \u00e0 partir de l&rsquo;\u00e2ge de 3 mois.<\/span><\/p>\n<p><span style=\"font-weight: 400;\">Pour l&rsquo;instant, ils sont con\u00e7us pour les moutons et les ch\u00e8vres. Cependant, nous d\u00e9veloppons de nouveaux produits pour d&rsquo;autres animaux qui seront bient\u00f4t disponibles. <\/span>[\/vc_column_text][\/toggle][toggle color=\u00a0\u00bbAccent-Color\u00a0\u00bb heading_tag=\u00a0\u00bbh3&Prime; heading_tag_functionality=\u00a0\u00bbdefault\u00a0\u00bb title=\u00a0\u00bbLes museli\u00e8res Ki b\u00e9n\u00e9ficient-elles d&rsquo;une garantie ?\u00a0\u00bb][vc_column_text]<span style=\"font-weight: 400;\">Oui, nous offrons une garantie contre les d\u00e9fauts de fabrication. Si vous avez un probl\u00e8me avec le produit, veuillez nous contacter pour le r\u00e9soudre. <\/span>[\/vc_column_text][\/toggle][toggle color=\u00a0\u00bbAccent-Color\u00a0\u00bb heading_tag=\u00a0\u00bbh3&Prime; heading_tag_functionality=\u00a0\u00bbdefault\u00a0\u00bb title=\u00a0\u00bbUne formation pr\u00e9alable est-elle n\u00e9cessaire pour que les animaux s&rsquo;habituent \u00e0 la museli\u00e8re Ki ?\u00a0\u00bb][vc_column_text]<span style=\"font-weight: 400;\">Dans la plupart des cas, les animaux s&rsquo;adaptent rapidement \u00e0 la museli\u00e8re. Toutefois, il est utile d&rsquo;observer les animaux pendant les premiers jours pour voir s&rsquo;ils s&rsquo;habituent bien \u00e0 son utilisation. <\/span><\/p>\n<p><span style=\"font-weight: 400;\">Si vous avez des doutes, n&rsquo;h\u00e9sitez pas \u00e0 nous contacter pour un conseil personnalis\u00e9.<\/span>[\/vc_column_text][\/toggle][toggle color=\u00a0\u00bbAccent-Color\u00a0\u00bb heading_tag=\u00a0\u00bbh3&Prime; heading_tag_functionality=\u00a0\u00bbdefault\u00a0\u00bb title=\u00a0\u00bbVous exp\u00e9diez ?\u00a0\u00bb][vc_column_text]<span style=\"font-weight: 400;\">Nous disposons d&rsquo;un r\u00e9seau de distributeurs et de centres logistiques dans diff\u00e9rents pays. Vous pouvez v\u00e9rifier les destinations aupr\u00e8s de notre service commercial. Si vous n&rsquo;avez pas de distributeur dans votre pays, vous pouvez nous \u00e9crire et nous serons heureux d&rsquo;organiser une livraison directe sur votre site. <\/span>[\/vc_column_text][\/toggle][toggle color=\u00a0\u00bbAccent-Color\u00a0\u00bb heading_tag=\u00a0\u00bbh3&Prime; heading_tag_functionality=\u00a0\u00bbdefault\u00a0\u00bb title=\u00a0\u00bbJe n&rsquo;ai jamais utilis\u00e9 de museli\u00e8re, est-ce facile \u00e0 mettre en place ?\u00a0\u00bb][vc_column_text]<span style=\"font-weight: 400;\">Oui, lorsque vous achetez les museli\u00e8res Ki, vous recevez un manuel d&rsquo;utilisation et des sp\u00e9cifications techniques ainsi que des vid\u00e9os explicatives qui vous permettront d&rsquo;avoir une tr\u00e8s bonne exp\u00e9rience d&rsquo;utilisation. <\/span><span style=\"font-weight: 400;\">En outre, notre \u00e9quipe technique et commerciale sera toujours pr\u00eate \u00e0 vous soutenir dans le processus d&rsquo;apprentissage et de mise en \u0153uvre du Syst\u00e8me Ki.<\/span>[\/vc_column_text][\/toggle][toggle color=\u00a0\u00bbAccent-Color\u00a0\u00bb heading_tag=\u00a0\u00bbh3&Prime; heading_tag_functionality=\u00a0\u00bbdefault\u00a0\u00bb title=\u00a0\u00bbLes animaux peuvent-ils porter la museli\u00e8re Ki en permanence ou faut-il l\u2019enlever \u00e0 un moment donn\u00e9 de la journ\u00e9e ?\u00a0\u00bb][vc_column_text]<span style=\"font-weight: 400;\">Les museli\u00e8res peuvent \u00eatre laiss\u00e9es en place en permanence ; il n&rsquo;est pas n\u00e9cessaire de les enlever et de les remettre en place du jour au lendemain. <\/span><\/p>\n<p><span style=\"font-weight: 400;\">Toutefois, cela d\u00e9pend de la mani\u00e8re dont vous traitez les animaux. Si vous enfermez les animaux, il convient de resserrer les museli\u00e8res et de v\u00e9rifier qu&rsquo;elles sont bien ajust\u00e9es avant de les renvoyer dans les p\u00e2turages. Si vous laissez les moutons ou les ch\u00e8vres dans les champs, cela n&rsquo;est pas n\u00e9cessaire. Nous vous recommandons de v\u00e9rifier tous les deux ou trois jours que les museli\u00e8res sont bien serr\u00e9es et qu&rsquo;elles ne blessent pas le mouton ou la ch\u00e8vre en raison d&rsquo;un mauvais positionnement. <\/span><\/p>\n<p><span style=\"font-weight: 400;\">Vous pouvez envisager d&rsquo;utiliser le syst\u00e8me Ki tout au long de l&rsquo;ann\u00e9e. Dans les cultures telles que les agrumes ou les avocats, les producteurs les laissent souvent en place toute l&rsquo;ann\u00e9e. Dans d&rsquo;autres cultures, comme les cultures \u00e0 feuilles caduques, certains producteurs enl\u00e8vent les museli\u00e8res pendant la p\u00e9riode o\u00f9 les arbres n&rsquo;ont pas de feuilles. <\/span>[\/vc_column_text][\/toggle][toggle color=\u00a0\u00bbAccent-Color\u00a0\u00bb heading_tag=\u00a0\u00bbh3&Prime; heading_tag_functionality=\u00a0\u00bbdefault\u00a0\u00bb title=\u00a0\u00bbComment nettoyer et maintenir les museli\u00e8res en bon \u00e9tat ?\u00a0\u00bb][vc_column_text]<span style=\"font-weight: 400;\">Les museli\u00e8res Ki sont con\u00e7ues pour durer, mais il est important de les nettoyer avec de l&rsquo;eau et du savon doux, surtout si elles accumulent de la salet\u00e9 ou du fumier. Rangez-les dans un endroit sec lorsqu&rsquo;elles ne sont pas utilis\u00e9es. <\/span><\/p>\n<p><span style=\"font-weight: 400;\">Le mat\u00e9riau des museli\u00e8res Ki correspond aux museli\u00e8res agricoles standard. La dur\u00e9e de vie estim\u00e9e est d&rsquo;environ 4 ans en fonction de l&rsquo;utilisation. <\/span>[\/vc_column_text][\/toggle][toggle color=\u00a0\u00bbAccent-Color\u00a0\u00bb heading_tag=\u00a0\u00bbh3&Prime; heading_tag_functionality=\u00a0\u00bbdefault\u00a0\u00bb title=\u00a0\u00bbCombien d&rsquo;animaux puis-je placer par hectare ?\u00a0\u00bb][vc_column_text]<span style=\"font-weight: 400;\">Cela d\u00e9pend du climat, de la r\u00e9gion, de la gestion des p\u00e2turages et de l&rsquo;offre de p\u00e2turages existante. <\/span><\/p>\n<p><span style=\"font-weight: 400;\">Pour r\u00e9f\u00e9rence, dans <\/span><span style=\"font-weight: 400;\">le biome pamp\u00e9en (c&rsquo;est ainsi que sont class\u00e9es les vastes plaines ou prairies du centre-est de l&rsquo;Argentine, d&rsquo;une partie de l&rsquo;Uruguay et du sud du Br\u00e9sil),<\/span> <span style=\"font-weight: 400;\">on estime qu&rsquo;un mouton ou une ch\u00e8vre <\/span><span style=\"font-weight: 400;\">consomme 6 \u00e0 8 m\u00b2 de p\u00e2turage par jour. <\/span><\/p>\n<p>Compte tenu de ces \u00e9l\u00e9ments et des diff\u00e9rentes exp\u00e9riences des producteurs de fruits, on utilise g\u00e9n\u00e9ralement 6 \u00e0 10 animaux par hectare (faible densit\u00e9) et jusqu&rsquo;\u00e0 70 animaux par hectare (forte densit\u00e9). Ce nombre d\u00e9pend fortement de la gestion des animaux, de la disponibilit\u00e9 de la main-d\u2019\u0153uvre et du type d\u2019entreprise pr\u00e9f\u00e9r\u00e9e pour les moutons. Par exemple, si vous pratiquez un p\u00e2turage rationnel, vous pouvez augmenter consid\u00e9rablement le nombre d\u2019animaux par hectare.[\/vc_column_text][\/toggle][toggle color=\u00a0\u00bbAccent-Color\u00a0\u00bb heading_tag=\u00a0\u00bbh3&Prime; heading_tag_functionality=\u00a0\u00bbdefault\u00a0\u00bb title=\u00a0\u00bbComment puis-je g\u00e9n\u00e9rer des revenus en plus de la culture de fruits avec des animaux ?\u00a0\u00bb][vc_column_text]<span style=\"font-weight: 400;\">L&rsquo;incorporation du syst\u00e8me Ki permet aux producteurs de fruits d&rsquo;obtenir des revenus suppl\u00e9mentaires gr\u00e2ce \u00e0 l&rsquo;incorporation d&rsquo;un \u00ab\u00a0deuxi\u00e8me \u00e9tage productif\u00a0\u00bb avec des ovins ou des caprins. L&rsquo;\u00e9levage permet de diversifier les revenus sur une m\u00eame parcelle, en obtenant des revenus gr\u00e2ce \u00e0 l&rsquo;engraissement des ovins ou des caprins, \u00e0 la vente de la prog\u00e9niture, de la laine et\/ou d&rsquo;autres sous-produits (comme le lait et le fromage, par exemple). <\/span><\/p>\n<p><span style=\"font-weight: 400;\">Plusieurs exp\u00e9riences de producteurs ont r\u00e9ussi \u00e0 combiner et \u00e0 d\u00e9velopper le sylvopastoralisme dans les plantations fruiti\u00e8res en incorporant des animaux dans leurs exploitations ou en concluant des alliances entre \u00e9leveurs qui permettent de partager les b\u00e9n\u00e9fices entre les \u00e9leveurs et les producteurs de fruits des zones voisines. <\/span>[\/vc_column_text][\/toggle][toggle color=\u00a0\u00bbAccent-Color\u00a0\u00bb heading_tag=\u00a0\u00bbh3&Prime; heading_tag_functionality=\u00a0\u00bbdefault\u00a0\u00bb title=\u00a0\u00bbQue dois-je faire si ma certification n&rsquo;autorise pas la pr\u00e9sence d&rsquo;animaux dans les locaux ?\u00a0\u00bb][vc_column_text]<span style=\"font-weight: 400;\">Il existe des certifications qui acceptent, valorisent et encouragent l&rsquo;utilisation d&rsquo;animaux dans les plantations fruiti\u00e8res. D\u00e9couvrez celle qui correspond le mieux \u00e0 vos besoins et \u00e0 vos march\u00e9s. <\/span><\/p>\n<p><span style=\"font-weight: 400;\">L&rsquo;introduction du syst\u00e8me Ki et la gestion r\u00e9g\u00e9n\u00e9rative des sols sont des r\u00e9f\u00e9rences pour les solutions bas\u00e9es sur la nature (NBS) qui profitent simultan\u00e9ment \u00e0 l&rsquo;homme et \u00e0 la nature. <\/span>[\/vc_column_text][\/toggle][toggle color=\u00a0\u00bbAccent-Color\u00a0\u00bb heading_tag=\u00a0\u00bbh3&Prime; heading_tag_functionality=\u00a0\u00bbdefault\u00a0\u00bb title=\u00a0\u00bbQue dois-je faire si un animal semble mal \u00e0 l&rsquo;aise avec la museli\u00e8re ?\u00a0\u00bb][vc_column_text]<span style=\"font-weight: 400;\">V\u00e9rifiez les points de r\u00e9glage pour vous assurer que la museli\u00e8re Ki n&rsquo;est ni trop serr\u00e9e ni trop l\u00e2che. Il est important de s&rsquo;assurer que la museli\u00e8re Ki est correctement install\u00e9e conform\u00e9ment aux manuels d&rsquo;utilisation et aux sp\u00e9cifications fournis par Ki. <\/span><\/p>\n<p><span style=\"font-weight: 400;\">La museli\u00e8re a \u00e9t\u00e9 con\u00e7ue en tenant compte du bien-\u00eatre et des soins des animaux, afin de minimiser toute interf\u00e9rence avec l&rsquo;alimentation et le comportement.<\/span><\/p>\n<p><span style=\"font-weight: 400;\">Si le probl\u00e8me persiste, contactez-nous pour obtenir des conseils.<\/span>[\/vc_column_text][\/toggle][\/toggles][\/vc_column][\/vc_row]\n","protected":false},"excerpt":{"rendered":"<p>[vc_row type=\u00a0\u00bbfull_width_content\u00a0\u00bb full_screen_row_position=\u00a0\u00bbmiddle\u00a0\u00bb column_margin=\u00a0\u00bbdefault\u00a0\u00bb equal_height=\u00a0\u00bbyes\u00a0\u00bb content_placement=\u00a0\u00bbtop\u00a0\u00bb column_direction=\u00a0\u00bbdefault\u00a0\u00bb column_direction_tablet=\u00a0\u00bbdefault\u00a0\u00bb column_direction_phone=\u00a0\u00bbdefault\u00a0\u00bb bg_color=\u00a0\u00bb#b7ce42&Prime; bg_image=\u00a0\u00bb535&Prime; bg_position=\u00a0\u00bbleft top\u00a0\u00bb background_image_loading=\u00a0\u00bbdefault\u00a0\u00bb bg_repeat=\u00a0\u00bbno-repeat\u00a0\u00bb scene_position=\u00a0\u00bbcenter\u00a0\u00bb top_padding=\u00a0\u00bb12%\u00a0\u00bb bottom_padding=\u00a0\u00bb5%\u00a0\u00bb left_padding_desktop=\u00a0\u00bb8%\u00a0\u00bb constrain_group_2=\u00a0\u00bbyes\u00a0\u00bb right_padding_desktop=\u00a0\u00bb8%\u00a0\u00bb bottom_padding_tablet=\u00a0\u00bb12%\u00a0\u00bb left_padding_tablet=\u00a0\u00bb20vw\u00a0\u00bb constrain_group_4=\u00a0\u00bbyes\u00a0\u00bb right_padding_tablet=\u00a0\u00bb20vw\u00a0\u00bb left_padding_phone=\u00a0\u00bb7vw\u00a0\u00bb constrain_group_6=\u00a0\u00bbyes\u00a0\u00bb right_padding_phone=\u00a0\u00bb7vw\u00a0\u00bb text_color=\u00a0\u00bbdark\u00a0\u00bb text_align=\u00a0\u00bbleft\u00a0\u00bb&#8230;<\/p>\n","protected":false},"author":3,"featured_media":0,"parent":0,"menu_order":0,"comment_status":"closed","ping_status":"closed","template":"","meta":{"footnotes":""},"class_list":["post-5238","page","type-page","status-publish"],"_links":{"self":[{"href":"https:\/\/kiagrosoluciones.com\/fr\/wp-json\/wp\/v2\/pages\/5238","targetHints":{"allow":["GET"]}}],"collection":[{"href":"https:\/\/kiagrosoluciones.com\/fr\/wp-json\/wp\/v2\/pages"}],"about":[{"href":"https:\/\/kiagrosoluciones.com\/fr\/wp-json\/wp\/v2\/types\/page"}],"author":[{"embeddable":true,"href":"https:\/\/kiagrosoluciones.com\/fr\/wp-json\/wp\/v2\/users\/3"}],"replies":[{"embeddable":true,"href":"https:\/\/kiagrosoluciones.com\/fr\/wp-json\/wp\/v2\/comments?post=5238"}],"version-history":[{"count":5,"href":"https:\/\/kiagrosoluciones.com\/fr\/wp-json\/wp\/v2\/pages\/5238\/revisions"}],"predecessor-version":[{"id":5445,"href":"https:\/\/kiagrosoluciones.com\/fr\/wp-json\/wp\/v2\/pages\/5238\/revisions\/5445"}],"wp:attachment":[{"href":"https:\/\/kiagrosoluciones.com\/fr\/wp-json\/wp\/v2\/media?parent=5238"}],"curies":[{"name":"wp","href":"https:\/\/api.w.org\/{rel}","templated":true}]}}