{"id":5280,"date":"2023-07-13T12:15:38","date_gmt":"2023-07-13T15:15:38","guid":{"rendered":"https:\/\/kiagrosoluciones.com\/nous\/"},"modified":"2025-04-08T00:01:43","modified_gmt":"2025-04-08T03:01:43","slug":"nous","status":"publish","type":"page","link":"https:\/\/kiagrosoluciones.com\/fr\/nous\/","title":{"rendered":"Nous"},"content":{"rendered":"[vc_row type=\u00a0\u00bbfull_width_background\u00a0\u00bb full_screen_row_position=\u00a0\u00bbmiddle\u00a0\u00bb column_margin=\u00a0\u00bb20px\u00a0\u00bb equal_height=\u00a0\u00bbyes\u00a0\u00bb content_placement=\u00a0\u00bbmiddle\u00a0\u00bb column_direction=\u00a0\u00bbdefault\u00a0\u00bb column_direction_tablet=\u00a0\u00bbdefault\u00a0\u00bb column_direction_phone=\u00a0\u00bbdefault\u00a0\u00bb scene_position=\u00a0\u00bbcenter\u00a0\u00bb top_padding=\u00a0\u00bb7%\u00a0\u00bb bottom_padding=\u00a0\u00bb8%\u00a0\u00bb text_color=\u00a0\u00bbdark\u00a0\u00bb text_align=\u00a0\u00bbleft\u00a0\u00bb row_border_radius=\u00a0\u00bbnone\u00a0\u00bb row_border_radius_applies=\u00a0\u00bbbg\u00a0\u00bb overflow=\u00a0\u00bbvisible\u00a0\u00bb id=\u00a0\u00bbnosotros\u00a0\u00bb overlay_strength=\u00a0\u00bb0.3&Prime; gradient_direction=\u00a0\u00bbleft_to_right\u00a0\u00bb shape_divider_position=\u00a0\u00bbbottom\u00a0\u00bb bg_image_animation=\u00a0\u00bbnone\u00a0\u00bb shape_type=\u00a0\u00bb\u00a0\u00bb gradient_type=\u00a0\u00bbdefault\u00a0\u00bb][vc_column column_padding=\u00a0\u00bbpadding-2-percent\u00a0\u00bb column_padding_tablet=\u00a0\u00bbinherit\u00a0\u00bb column_padding_phone=\u00a0\u00bbinherit\u00a0\u00bb column_padding_position=\u00a0\u00bbtop\u00a0\u00bb column_element_direction_desktop=\u00a0\u00bbdefault\u00a0\u00bb column_element_spacing=\u00a0\u00bbdefault\u00a0\u00bb desktop_text_alignment=\u00a0\u00bbdefault\u00a0\u00bb tablet_text_alignment=\u00a0\u00bbdefault\u00a0\u00bb phone_text_alignment=\u00a0\u00bbdefault\u00a0\u00bb background_color_opacity=\u00a0\u00bb1&Prime; background_hover_color_opacity=\u00a0\u00bb1&Prime; column_backdrop_filter=\u00a0\u00bbnone\u00a0\u00bb column_shadow=\u00a0\u00bbnone\u00a0\u00bb column_border_radius=\u00a0\u00bbnone\u00a0\u00bb column_link_target=\u00a0\u00bb_self\u00a0\u00bb column_position=\u00a0\u00bbdefault\u00a0\u00bb gradient_direction=\u00a0\u00bbleft_to_right\u00a0\u00bb overlay_strength=\u00a0\u00bb0.3&Prime; width=\u00a0\u00bb1\/2&Prime; tablet_width_inherit=\u00a0\u00bbdefault\u00a0\u00bb animation_type=\u00a0\u00bbdefault\u00a0\u00bb bg_image_animation=\u00a0\u00bbnone\u00a0\u00bb border_type=\u00a0\u00bbsimple\u00a0\u00bb column_border_width=\u00a0\u00bbnone\u00a0\u00bb column_border_style=\u00a0\u00bbsolid\u00a0\u00bb][vc_row_inner content_placement=\u00a0\u00bbmiddle\u00a0\u00bb column_margin=\u00a0\u00bbnone\u00a0\u00bb column_direction=\u00a0\u00bbdefault\u00a0\u00bb column_direction_tablet=\u00a0\u00bbdefault\u00a0\u00bb column_direction_phone=\u00a0\u00bbdefault\u00a0\u00bb text_align=\u00a0\u00bbleft\u00a0\u00bb row_position=\u00a0\u00bbdefault\u00a0\u00bb row_position_tablet=\u00a0\u00bbinherit\u00a0\u00bb row_position_phone=\u00a0\u00bbinherit\u00a0\u00bb overflow=\u00a0\u00bbvisible\u00a0\u00bb pointer_events=\u00a0\u00bball\u00a0\u00bb][vc_column_inner column_padding=\u00a0\u00bbno-extra-padding\u00a0\u00bb column_padding_tablet=\u00a0\u00bbinherit\u00a0\u00bb column_padding_phone=\u00a0\u00bbinherit\u00a0\u00bb column_padding_position=\u00a0\u00bball\u00a0\u00bb column_element_direction_desktop=\u00a0\u00bbdefault\u00a0\u00bb column_element_spacing=\u00a0\u00bbdefault\u00a0\u00bb desktop_text_alignment=\u00a0\u00bbdefault\u00a0\u00bb tablet_text_alignment=\u00a0\u00bbdefault\u00a0\u00bb phone_text_alignment=\u00a0\u00bbdefault\u00a0\u00bb background_color_opacity=\u00a0\u00bb1&Prime; background_hover_color_opacity=\u00a0\u00bb1&Prime; column_backdrop_filter=\u00a0\u00bbnone\u00a0\u00bb column_shadow=\u00a0\u00bbnone\u00a0\u00bb column_border_radius=\u00a0\u00bbnone\u00a0\u00bb column_link_target=\u00a0\u00bb_self\u00a0\u00bb overflow=\u00a0\u00bbvisible\u00a0\u00bb gradient_direction=\u00a0\u00bbleft_to_right\u00a0\u00bb overlay_strength=\u00a0\u00bb0.3&Prime; width=\u00a0\u00bb1\/1&Prime; tablet_width_inherit=\u00a0\u00bbdefault\u00a0\u00bb animation_type=\u00a0\u00bbdefault\u00a0\u00bb bg_image_animation=\u00a0\u00bbnone\u00a0\u00bb border_type=\u00a0\u00bbsimple\u00a0\u00bb column_border_width=\u00a0\u00bbnone\u00a0\u00bb column_border_style=\u00a0\u00bbsolid\u00a0\u00bb][nectar_highlighted_text scribble_color=\u00a0\u00bb#b7ce42&Prime; style=\u00a0\u00bbscribble\u00a0\u00bb scribble_shape=\u00a0\u00bbbasic-underline\u00a0\u00bb scribble_thickness=\u00a0\u00bbregular\u00a0\u00bb scribble_speed=\u00a0\u00bb0s\u00a0\u00bb scribble_easing=\u00a0\u00bbease_in_out\u00a0\u00bb disable_mobile_animation=\u00a0\u00bbtrue\u00a0\u00bb custom_font_size=\u00a0\u00bb3vw\u00a0\u00bb font_size_tablet=\u00a0\u00bb7vw\u00a0\u00bb font_line_height=\u00a0\u00bb1.1em\u00a0\u00bb delay=\u00a0\u00bb400&Prime;]\n<h2><em>Qui sommes-nous ?<\/em><\/h2>\n[\/nectar_highlighted_text][\/vc_column_inner][\/vc_row_inner][divider line_type=\u00a0\u00bbNo Line\u00a0\u00bb custom_height=\u00a0\u00bb5vh\u00a0\u00bb][vc_row_inner content_placement=\u00a0\u00bbmiddle\u00a0\u00bb column_margin=\u00a0\u00bbdefault\u00a0\u00bb column_direction=\u00a0\u00bbdefault\u00a0\u00bb column_direction_tablet=\u00a0\u00bbdefault\u00a0\u00bb column_direction_phone=\u00a0\u00bbdefault\u00a0\u00bb text_align=\u00a0\u00bbleft\u00a0\u00bb row_position=\u00a0\u00bbdefault\u00a0\u00bb row_position_tablet=\u00a0\u00bbinherit\u00a0\u00bb row_position_phone=\u00a0\u00bbinherit\u00a0\u00bb overflow=\u00a0\u00bbvisible\u00a0\u00bb pointer_events=\u00a0\u00bball\u00a0\u00bb][vc_column_inner column_padding=\u00a0\u00bbno-extra-padding\u00a0\u00bb column_padding_tablet=\u00a0\u00bbinherit\u00a0\u00bb column_padding_phone=\u00a0\u00bbinherit\u00a0\u00bb column_padding_position=\u00a0\u00bball\u00a0\u00bb column_element_direction_desktop=\u00a0\u00bbdefault\u00a0\u00bb column_element_spacing=\u00a0\u00bbdefault\u00a0\u00bb desktop_text_alignment=\u00a0\u00bbdefault\u00a0\u00bb tablet_text_alignment=\u00a0\u00bbdefault\u00a0\u00bb phone_text_alignment=\u00a0\u00bbdefault\u00a0\u00bb background_color_opacity=\u00a0\u00bb1&Prime; background_hover_color_opacity=\u00a0\u00bb1&Prime; column_backdrop_filter=\u00a0\u00bbnone\u00a0\u00bb column_shadow=\u00a0\u00bbnone\u00a0\u00bb column_border_radius=\u00a0\u00bbnone\u00a0\u00bb column_link_target=\u00a0\u00bb_self\u00a0\u00bb overflow=\u00a0\u00bbvisible\u00a0\u00bb gradient_direction=\u00a0\u00bbleft_to_right\u00a0\u00bb overlay_strength=\u00a0\u00bb0.3&Prime; width=\u00a0\u00bb1\/1&Prime; tablet_width_inherit=\u00a0\u00bbdefault\u00a0\u00bb animation_type=\u00a0\u00bbdefault\u00a0\u00bb enable_animation=\u00a0\u00bbtrue\u00a0\u00bb animation=\u00a0\u00bbfade-in-from-bottom\u00a0\u00bb animation_easing=\u00a0\u00bbdefault\u00a0\u00bb bg_image_animation=\u00a0\u00bbnone\u00a0\u00bb border_type=\u00a0\u00bbsimple\u00a0\u00bb column_border_width=\u00a0\u00bbnone\u00a0\u00bb column_border_style=\u00a0\u00bbsolid\u00a0\u00bb delay=\u00a0\u00bb100&Prime;][vc_column_text css_animation=\u00a0\u00bbnone\u00a0\u00bb css=\u00a0\u00bb.vc_custom_1744081100825{margin-top: 15px !important;}\u00a0\u00bb max_width=\u00a0\u00bb550&Prime;]<strong>Nos d\u00e9buts<\/strong><\/p>\n<p><b>KI Agrosustainable Solutions<\/b><span style=\"font-weight: 400;\"> est n\u00e9 de la collaboration entre Mart\u00edn Guarini et Diego Fraga. <\/span><\/p>\n<p><span style=\"font-weight: 400;\">Martin apporte sa vaste exp\u00e9rience dans le secteur agricole en tant qu&rsquo;horticulteur et producteur d&rsquo;agrumes, tandis que Diego apporte plus de 25 ans d&rsquo;exp\u00e9rience dans la conception et le d\u00e9veloppement de nouveaux produits.<\/span><\/p>\n<p><span style=\"font-weight: 400;\">Sur <\/span><b>KI <\/b><span style=\"font-weight: 400;\">Nous croyons fermement au d\u00e9veloppement durable et soutenable de la production agricole. Cet objectif nous pousse \u00e0 innover constamment, en recherchant des solutions qui g\u00e9n\u00e8rent un impact \u00e9conomique, social et environnemental positif. <\/span><\/p>\n<p>&nbsp;<\/p>\n<p><b>Notre \u00e9quipe<\/b><\/p>\n<p><span style=\"font-weight: 400;\">Nous disposons d&rsquo;une \u00e9quipe pluridisciplinaire, hautement qualifi\u00e9e et engag\u00e9e dans la transformation durable du secteur agricole. Notre approche combine l&rsquo;expertise technique dans les syst\u00e8mes de production durables, la conception et le d\u00e9veloppement d&rsquo;innovations, et une vision strat\u00e9gique qui int\u00e8gre les aspects commerciaux, sociaux et environnementaux. <\/span><\/p>\n<p><span style=\"font-weight: 400;\">L&rsquo;\u00e9quipement se distingue par sa capacit\u00e9 \u00e0 :<\/span><\/p>\n<ul>\n<li style=\"font-weight: 400;\" aria-level=\"1\"><span style=\"font-weight: 400;\">Concevoir des solutions innovantes adapt\u00e9es aux besoins des producteurs.<\/span><\/li>\n<li style=\"font-weight: 400;\" aria-level=\"1\"><span style=\"font-weight: 400;\">Diriger des projets de recherche et de d\u00e9veloppement en adoptant une approche pratique et ax\u00e9e sur les r\u00e9sultats.<\/span><\/li>\n<li style=\"font-weight: 400;\" aria-level=\"1\"><span style=\"font-weight: 400;\">Renforcer l&rsquo;inclusion et l&rsquo;\u00e9quit\u00e9 dans le secteur agricole, en promouvant la durabilit\u00e9 sociale.<\/span><\/li>\n<li style=\"font-weight: 400;\" aria-level=\"1\"><span style=\"font-weight: 400;\">G\u00e9rer et optimiser les cha\u00eenes de valeur au niveau national et international, en connectant les march\u00e9s et en am\u00e9liorant les opportunit\u00e9s commerciales.<\/span><\/li>\n<li style=\"font-weight: 400;\" aria-level=\"1\"><span style=\"font-weight: 400;\">Comprendre la dynamique des syst\u00e8mes de production et proposer des strat\u00e9gies personnalis\u00e9es pour chaque contexte r\u00e9gional.<\/span><\/li>\n<\/ul>\n<p><span style=\"font-weight: 400;\">Notre approche holistique et notre engagement nous permettent d&rsquo;accompagner les producteurs de fruits dans leur croissance, en d\u00e9veloppant des solutions qui cr\u00e9ent de la valeur et de la durabilit\u00e9 \u00e0 long terme.<\/span>[\/vc_column_text][\/vc_column_inner][\/vc_row_inner][\/vc_column][vc_column column_padding=\u00a0\u00bbno-extra-padding\u00a0\u00bb column_padding_tablet=\u00a0\u00bbinherit\u00a0\u00bb column_padding_phone=\u00a0\u00bbinherit\u00a0\u00bb column_padding_position=\u00a0\u00bball\u00a0\u00bb column_element_direction_desktop=\u00a0\u00bbdefault\u00a0\u00bb column_element_spacing=\u00a0\u00bbdefault\u00a0\u00bb desktop_text_alignment=\u00a0\u00bbdefault\u00a0\u00bb tablet_text_alignment=\u00a0\u00bbdefault\u00a0\u00bb phone_text_alignment=\u00a0\u00bbdefault\u00a0\u00bb background_color_opacity=\u00a0\u00bb1&Prime; background_hover_color_opacity=\u00a0\u00bb1&Prime; column_backdrop_filter=\u00a0\u00bbnone\u00a0\u00bb column_shadow=\u00a0\u00bbnone\u00a0\u00bb column_border_radius=\u00a0\u00bbnone\u00a0\u00bb column_link_target=\u00a0\u00bb_self\u00a0\u00bb column_position=\u00a0\u00bbdefault\u00a0\u00bb gradient_direction=\u00a0\u00bbleft_to_right\u00a0\u00bb overlay_strength=\u00a0\u00bb0.3&Prime; width=\u00a0\u00bb1\/6&Prime; tablet_width_inherit=\u00a0\u00bbdefault\u00a0\u00bb animation_type=\u00a0\u00bbdefault\u00a0\u00bb bg_image_animation=\u00a0\u00bbnone\u00a0\u00bb border_type=\u00a0\u00bbsimple\u00a0\u00bb column_border_width=\u00a0\u00bbnone\u00a0\u00bb column_border_style=\u00a0\u00bbsolid\u00a0\u00bb][\/vc_column][vc_column column_padding=\u00a0\u00bbno-extra-padding\u00a0\u00bb column_padding_tablet=\u00a0\u00bbinherit\u00a0\u00bb column_padding_phone=\u00a0\u00bbinherit\u00a0\u00bb column_padding_position=\u00a0\u00bball\u00a0\u00bb column_element_direction_desktop=\u00a0\u00bbdefault\u00a0\u00bb column_element_spacing=\u00a0\u00bbdefault\u00a0\u00bb desktop_text_alignment=\u00a0\u00bbdefault\u00a0\u00bb tablet_text_alignment=\u00a0\u00bbdefault\u00a0\u00bb phone_text_alignment=\u00a0\u00bbdefault\u00a0\u00bb background_color_opacity=\u00a0\u00bb1&Prime; background_hover_color_opacity=\u00a0\u00bb1&Prime; column_backdrop_filter=\u00a0\u00bbnone\u00a0\u00bb column_shadow=\u00a0\u00bbnone\u00a0\u00bb column_border_radius=\u00a0\u00bbnone\u00a0\u00bb column_link_target=\u00a0\u00bb_self\u00a0\u00bb column_position=\u00a0\u00bbdefault\u00a0\u00bb gradient_direction=\u00a0\u00bbleft_to_right\u00a0\u00bb overlay_strength=\u00a0\u00bb0.3&Prime; width=\u00a0\u00bb1\/3&Prime; tablet_width_inherit=\u00a0\u00bbdefault\u00a0\u00bb animation_type=\u00a0\u00bbdefault\u00a0\u00bb bg_image_animation=\u00a0\u00bbnone\u00a0\u00bb border_type=\u00a0\u00bbsimple\u00a0\u00bb column_border_width=\u00a0\u00bbnone\u00a0\u00bb column_border_style=\u00a0\u00bbsolid\u00a0\u00bb offset=\u00a0\u00bbvc_col-md-offset-0 vc_col-sm-offset-2 vc_col-xs-offset-2 vc_col-xs-8&Prime;][nectar_cascading_images image_1_url=\u00a0\u00bb153&Prime; image_1_offset_x_sign=\u00a0\u00bb+\u00a0\u00bb image_1_offset_x=\u00a0\u00bb0%\u00a0\u00bb image_1_offset_y_sign=\u00a0\u00bb+\u00a0\u00bb image_1_offset_y=\u00a0\u00bb0%\u00a0\u00bb image_1_rotate_sign=\u00a0\u00bb+\u00a0\u00bb image_1_rotate=\u00a0\u00bbnone\u00a0\u00bb image_1_scale=\u00a0\u00bb1&Prime; image_1_padding=\u00a0\u00bbnone\u00a0\u00bb image_1_box_shadow=\u00a0\u00bbnone\u00a0\u00bb image_1_max_width_desktop=\u00a0\u00bb100%\u00a0\u00bb image_1_max_width_mobile=\u00a0\u00bb100%\u00a0\u00bb image_1_image_width_mobile=\u00a0\u00bbdefault\u00a0\u00bb image_2_url=\u00a0\u00bb259&Prime; image_2_offset_x_sign=\u00a0\u00bb-\u00a0\u00bb image_2_offset_x=\u00a0\u00bb30%\u00a0\u00bb image_2_offset_y_sign=\u00a0\u00bb+\u00a0\u00bb image_2_offset_y=\u00a0\u00bb20%\u00a0\u00bb image_2_rotate_sign=\u00a0\u00bb+\u00a0\u00bb image_2_rotate=\u00a0\u00bbnone\u00a0\u00bb image_2_scale=\u00a0\u00bb1&Prime; image_2_padding=\u00a0\u00bbnone\u00a0\u00bb image_2_box_shadow=\u00a0\u00bbx_large_depth\u00a0\u00bb image_2_max_width_desktop=\u00a0\u00bb100%\u00a0\u00bb image_2_max_width_mobile=\u00a0\u00bb100%\u00a0\u00bb image_2_image_width_mobile=\u00a0\u00bbdefault\u00a0\u00bb image_3_offset_x_sign=\u00a0\u00bb-\u00a0\u00bb image_3_offset_x=\u00a0\u00bb0%\u00a0\u00bb image_3_offset_y_sign=\u00a0\u00bb-\u00a0\u00bb image_3_offset_y=\u00a0\u00bb0%\u00a0\u00bb image_3_rotate_sign=\u00a0\u00bb+\u00a0\u00bb image_3_rotate=\u00a0\u00bbnone\u00a0\u00bb image_3_scale=\u00a0\u00bb1&Prime; image_3_padding=\u00a0\u00bbauto\u00a0\u00bb image_3_box_shadow=\u00a0\u00bbnone\u00a0\u00bb image_3_max_width_desktop=\u00a0\u00bb100%\u00a0\u00bb image_3_max_width_mobile=\u00a0\u00bb100%\u00a0\u00bb image_3_image_width_mobile=\u00a0\u00bbdefault\u00a0\u00bb image_4_offset_x_sign=\u00a0\u00bb+\u00a0\u00bb image_4_offset_x=\u00a0\u00bb0%\u00a0\u00bb image_4_offset_y_sign=\u00a0\u00bb+\u00a0\u00bb image_4_offset_y=\u00a0\u00bb0%\u00a0\u00bb image_4_rotate_sign=\u00a0\u00bb+\u00a0\u00bb image_4_rotate=\u00a0\u00bbnone\u00a0\u00bb image_4_scale=\u00a0\u00bb1&Prime; image_4_padding=\u00a0\u00bbauto\u00a0\u00bb image_4_box_shadow=\u00a0\u00bbnone\u00a0\u00bb image_4_max_width_desktop=\u00a0\u00bb100%\u00a0\u00bb image_4_max_width_mobile=\u00a0\u00bb100%\u00a0\u00bb image_4_image_width_mobile=\u00a0\u00bbdefault\u00a0\u00bb element_sizing=\u00a0\u00bbdefault\u00a0\u00bb image_loading=\u00a0\u00bblazy-load\u00a0\u00bb border_radius=\u00a0\u00bb5px\u00a0\u00bb parallax_scrolling=\u00a0\u00bbyes\u00a0\u00bb layer_1_parallax_scrolling=\u00a0\u00bbyes\u00a0\u00bb parallax_scrolling_intensity=\u00a0\u00bbmedium\u00a0\u00bb overflow=\u00a0\u00bbvisible\u00a0\u00bb][\/vc_column][\/vc_row][vc_row type=\u00a0\u00bbfull_width_content\u00a0\u00bb full_screen_row_position=\u00a0\u00bbmiddle\u00a0\u00bb column_margin=\u00a0\u00bbdefault\u00a0\u00bb equal_height=\u00a0\u00bbyes\u00a0\u00bb content_placement=\u00a0\u00bbmiddle\u00a0\u00bb column_direction=\u00a0\u00bbdefault\u00a0\u00bb column_direction_tablet=\u00a0\u00bbdefault\u00a0\u00bb column_direction_phone=\u00a0\u00bbdefault\u00a0\u00bb scene_position=\u00a0\u00bbcenter\u00a0\u00bb left_padding_desktop=\u00a0\u00bb27vw\u00a0\u00bb constrain_group_2=\u00a0\u00bbyes\u00a0\u00bb right_padding_desktop=\u00a0\u00bb27vw\u00a0\u00bb bottom_padding_tablet=\u00a0\u00bb12%\u00a0\u00bb left_padding_tablet=\u00a0\u00bb20vw\u00a0\u00bb constrain_group_4=\u00a0\u00bbyes\u00a0\u00bb right_padding_tablet=\u00a0\u00bb20vw\u00a0\u00bb top_padding_phone=\u00a0\u00bb20vw\u00a0\u00bb left_padding_phone=\u00a0\u00bb7vw\u00a0\u00bb constrain_group_6=\u00a0\u00bbyes\u00a0\u00bb right_padding_phone=\u00a0\u00bb7vw\u00a0\u00bb bottom_margin=\u00a0\u00bb120px\u00a0\u00bb text_color=\u00a0\u00bbdark\u00a0\u00bb text_align=\u00a0\u00bbleft\u00a0\u00bb row_border_radius=\u00a0\u00bbnone\u00a0\u00bb row_border_radius_applies=\u00a0\u00bbbg\u00a0\u00bb overflow=\u00a0\u00bbvisible\u00a0\u00bb id=\u00a0\u00bbquehacemos\u00a0\u00bb advanced_gradient_angle=\u00a0\u00bb0&Prime; overlay_strength=\u00a0\u00bb0.3&Prime; gradient_direction=\u00a0\u00bbleft_to_right\u00a0\u00bb shape_divider_position=\u00a0\u00bbbottom\u00a0\u00bb bg_image_animation=\u00a0\u00bbnone\u00a0\u00bb gradient_type=\u00a0\u00bbdefault\u00a0\u00bb shape_type=\u00a0\u00bb\u00a0\u00bb][vc_column column_element_direction_desktop=\u00a0\u00bbdefault\u00a0\u00bb column_element_spacing=\u00a0\u00bb0px\u00a0\u00bb desktop_text_alignment=\u00a0\u00bbdefault\u00a0\u00bb tablet_text_alignment=\u00a0\u00bbdefault\u00a0\u00bb phone_text_alignment=\u00a0\u00bbdefault\u00a0\u00bb background_color_opacity=\u00a0\u00bb1&Prime; background_hover_color_opacity=\u00a0\u00bb1&Prime; column_backdrop_filter=\u00a0\u00bbnone\u00a0\u00bb column_shadow=\u00a0\u00bbnone\u00a0\u00bb column_border_radius=\u00a0\u00bbnone\u00a0\u00bb column_link_target=\u00a0\u00bb_self\u00a0\u00bb column_position=\u00a0\u00bbstatic\u00a0\u00bb advanced_gradient_angle=\u00a0\u00bb65&Prime; width=\u00a0\u00bb1\/1&Prime; tablet_width_inherit=\u00a0\u00bbdefault\u00a0\u00bb animation_type=\u00a0\u00bbdefault\u00a0\u00bb bg_image_animation=\u00a0\u00bbnone\u00a0\u00bb border_type=\u00a0\u00bbsimple\u00a0\u00bb column_border_width=\u00a0\u00bbnone\u00a0\u00bb column_border_style=\u00a0\u00bbsolid\u00a0\u00bb column_padding_type=\u00a0\u00bbadvanced\u00a0\u00bb gradient_type=\u00a0\u00bbadvanced\u00a0\u00bb advanced_gradient_display_type=\u00a0\u00bblinear\u00a0\u00bb][vc_row_inner column_margin=\u00a0\u00bbdefault\u00a0\u00bb column_direction=\u00a0\u00bbdefault\u00a0\u00bb column_direction_tablet=\u00a0\u00bbdefault\u00a0\u00bb column_direction_phone=\u00a0\u00bbdefault\u00a0\u00bb bottom_padding=\u00a0\u00bb7%\u00a0\u00bb text_align=\u00a0\u00bbleft\u00a0\u00bb row_position=\u00a0\u00bbdefault\u00a0\u00bb row_position_tablet=\u00a0\u00bbinherit\u00a0\u00bb row_position_phone=\u00a0\u00bbinherit\u00a0\u00bb overflow=\u00a0\u00bbvisible\u00a0\u00bb pointer_events=\u00a0\u00bball\u00a0\u00bb][vc_column_inner column_padding=\u00a0\u00bbno-extra-padding\u00a0\u00bb column_padding_tablet=\u00a0\u00bbinherit\u00a0\u00bb column_padding_phone=\u00a0\u00bbinherit\u00a0\u00bb column_padding_position=\u00a0\u00bball\u00a0\u00bb column_element_direction_desktop=\u00a0\u00bbdefault\u00a0\u00bb column_element_spacing=\u00a0\u00bb0px\u00a0\u00bb desktop_text_alignment=\u00a0\u00bbdefault\u00a0\u00bb tablet_text_alignment=\u00a0\u00bbdefault\u00a0\u00bb phone_text_alignment=\u00a0\u00bbdefault\u00a0\u00bb background_color_opacity=\u00a0\u00bb1&Prime; background_hover_color_opacity=\u00a0\u00bb1&Prime; column_backdrop_filter=\u00a0\u00bbnone\u00a0\u00bb column_shadow=\u00a0\u00bbnone\u00a0\u00bb column_border_radius=\u00a0\u00bbnone\u00a0\u00bb column_link_target=\u00a0\u00bb_self\u00a0\u00bb overflow=\u00a0\u00bbvisible\u00a0\u00bb gradient_direction=\u00a0\u00bbleft_to_right\u00a0\u00bb overlay_strength=\u00a0\u00bb0.3&Prime; width=\u00a0\u00bb1\/1&Prime; tablet_width_inherit=\u00a0\u00bbdefault\u00a0\u00bb animation_type=\u00a0\u00bbdefault\u00a0\u00bb enable_animation=\u00a0\u00bbtrue\u00a0\u00bb animation=\u00a0\u00bbfade-in\u00a0\u00bb animation_easing=\u00a0\u00bbdefault\u00a0\u00bb bg_image_animation=\u00a0\u00bbnone\u00a0\u00bb border_type=\u00a0\u00bbsimple\u00a0\u00bb column_border_width=\u00a0\u00bbnone\u00a0\u00bb column_border_style=\u00a0\u00bbsolid\u00a0\u00bb column_padding_type=\u00a0\u00bbdefault\u00a0\u00bb gradient_type=\u00a0\u00bbdefault\u00a0\u00bb animation_offset=\u00a0\u00bb90%\u00a0\u00bb][nectar_animated_shape shape_color=\u00a0\u00bb#b7ce42&Prime; width_desktop=\u00a0\u00bb15vw\u00a0\u00bb animation=\u00a0\u00bbnone\u00a0\u00bb animation_easing=\u00a0\u00bbdefault\u00a0\u00bb animation_movement_type=\u00a0\u00bbtransform_y\u00a0\u00bb animation_movement_intensity=\u00a0\u00bb0.6&Prime; animation_movement_persist_on_mobile=\u00a0\u00bbtrue\u00a0\u00bb position_desktop=\u00a0\u00bbabsolute\u00a0\u00bb top_position_desktop=\u00a0\u00bb0&Prime; left_position_desktop=\u00a0\u00bb0&Prime; translate_y_desktop=\u00a0\u00bb-30%\u00a0\u00bb translate_x_desktop=\u00a0\u00bb-50%\u00a0\u00bb zindex=\u00a0\u00bb-1&Prime;][nectar_highlighted_text scribble_color=\u00a0\u00bb#b7ce42&Prime; style=\u00a0\u00bbscribble\u00a0\u00bb scribble_thickness=\u00a0\u00bbthick\u00a0\u00bb scribble_speed=\u00a0\u00bb1.8s\u00a0\u00bb scribble_easing=\u00a0\u00bbease_in_out\u00a0\u00bb custom_font_size=\u00a0\u00bb3vw\u00a0\u00bb id=\u00a0\u00bbcircle-highlight2&Prime; font_line_height=\u00a0\u00bb1.4&Prime; font_size_tablet=\u00a0\u00bb7vw\u00a0\u00bb]\n<h2><b>Que faisons-nous au sein du <em>KI ?<\/em><\/b><\/h2>\n[\/nectar_highlighted_text][\/vc_column_inner][\/vc_row_inner][vc_row_inner column_margin=\u00a0\u00bbdefault\u00a0\u00bb column_direction=\u00a0\u00bbdefault\u00a0\u00bb column_direction_tablet=\u00a0\u00bbdefault\u00a0\u00bb column_direction_phone=\u00a0\u00bbdefault\u00a0\u00bb text_align=\u00a0\u00bbleft\u00a0\u00bb row_position=\u00a0\u00bbdefault\u00a0\u00bb row_position_tablet=\u00a0\u00bbinherit\u00a0\u00bb row_position_phone=\u00a0\u00bbinherit\u00a0\u00bb overflow=\u00a0\u00bbvisible\u00a0\u00bb pointer_events=\u00a0\u00bball\u00a0\u00bb][vc_column_inner column_padding=\u00a0\u00bbno-extra-padding\u00a0\u00bb column_padding_tablet=\u00a0\u00bbinherit\u00a0\u00bb column_padding_phone=\u00a0\u00bbinherit\u00a0\u00bb column_padding_position=\u00a0\u00bball\u00a0\u00bb left_margin=\u00a0\u00bb6vw\u00a0\u00bb column_element_direction_desktop=\u00a0\u00bbdefault\u00a0\u00bb column_element_spacing=\u00a0\u00bbdefault\u00a0\u00bb desktop_text_alignment=\u00a0\u00bbdefault\u00a0\u00bb tablet_text_alignment=\u00a0\u00bbdefault\u00a0\u00bb phone_text_alignment=\u00a0\u00bbdefault\u00a0\u00bb background_color_opacity=\u00a0\u00bb1&Prime; background_hover_color_opacity=\u00a0\u00bb1&Prime; column_backdrop_filter=\u00a0\u00bbnone\u00a0\u00bb column_shadow=\u00a0\u00bbnone\u00a0\u00bb column_border_radius=\u00a0\u00bbnone\u00a0\u00bb column_link_target=\u00a0\u00bb_self\u00a0\u00bb overflow=\u00a0\u00bbvisible\u00a0\u00bb gradient_direction=\u00a0\u00bbleft_to_right\u00a0\u00bb overlay_strength=\u00a0\u00bb0.3&Prime; width=\u00a0\u00bb1\/1&Prime; tablet_width_inherit=\u00a0\u00bbdefault\u00a0\u00bb animation_type=\u00a0\u00bbdefault\u00a0\u00bb bg_image_animation=\u00a0\u00bbnone\u00a0\u00bb border_type=\u00a0\u00bbsimple\u00a0\u00bb column_border_width=\u00a0\u00bbnone\u00a0\u00bb column_border_style=\u00a0\u00bbsolid\u00a0\u00bb column_padding_type=\u00a0\u00bbdefault\u00a0\u00bb gradient_type=\u00a0\u00bbdefault\u00a0\u00bb][vc_column_text css_animation=\u00a0\u00bbnone\u00a0\u00bb css=\u00a0\u00bb.vc_custom_1744081347932{margin-top: 15px !important;}\u00a0\u00bb max_width=\u00a0\u00bb550&Prime;]<span style=\"font-weight: 400;\">Chez KI, nous concevons, d\u00e9veloppons et commercialisons des solutions agro-durables qui ont un impact positif sur l&rsquo;environnement, l&rsquo;\u00e9conomie et la soci\u00e9t\u00e9.<\/span><\/p>\n<p><span style=\"font-weight: 400;\">Nous connaissons parfaitement les besoins et les d\u00e9fis des producteurs. Nous sommes passionn\u00e9s par la recherche de solutions qui rendent possibles le travail et la vie sur le terrain, pour une production durable et diff\u00e9renci\u00e9e. <\/span><\/p>\n<p><span style=\"font-weight: 400;\">Nous aimons dire que nous apportons des solutions au producteur, et non des probl\u00e8mes, et nous disons cela parce que nous comprenons et nous connaissons la campagne, et que nous partageons le sentiment de travailler sur le terrain avec les difficult\u00e9s que cela implique.<\/span><\/p>\n<p>&nbsp;<\/p>\n<p><b>Notre proposition de valeur<\/b><\/p>\n<p><span style=\"font-weight: 400;\">Nous comprenons parfaitement les r\u00e9alit\u00e9s et les besoins des producteurs de fruits dans chaque r\u00e9gion. \u00c0 partir de cette connaissance, nous \u00e9laborons des solutions innovantes qui r\u00e9pondent \u00e0 leurs d\u00e9fis et favorisent leur croissance, toujours avec une approche durable et adapt\u00e9e \u00e0 chaque contexte. <\/span>[\/vc_column_text][\/vc_column_inner][\/vc_row_inner][\/vc_column][\/vc_row]\n","protected":false},"excerpt":{"rendered":"<p>[vc_row type=\u00a0\u00bbfull_width_background\u00a0\u00bb full_screen_row_position=\u00a0\u00bbmiddle\u00a0\u00bb column_margin=\u00a0\u00bb20px\u00a0\u00bb equal_height=\u00a0\u00bbyes\u00a0\u00bb content_placement=\u00a0\u00bbmiddle\u00a0\u00bb column_direction=\u00a0\u00bbdefault\u00a0\u00bb column_direction_tablet=\u00a0\u00bbdefault\u00a0\u00bb column_direction_phone=\u00a0\u00bbdefault\u00a0\u00bb scene_position=\u00a0\u00bbcenter\u00a0\u00bb top_padding=\u00a0\u00bb7%\u00a0\u00bb bottom_padding=\u00a0\u00bb8%\u00a0\u00bb text_color=\u00a0\u00bbdark\u00a0\u00bb text_align=\u00a0\u00bbleft\u00a0\u00bb row_border_radius=\u00a0\u00bbnone\u00a0\u00bb row_border_radius_applies=\u00a0\u00bbbg\u00a0\u00bb overflow=\u00a0\u00bbvisible\u00a0\u00bb id=\u00a0\u00bbnosotros\u00a0\u00bb overlay_strength=\u00a0\u00bb0.3&Prime; gradient_direction=\u00a0\u00bbleft_to_right\u00a0\u00bb shape_divider_position=\u00a0\u00bbbottom\u00a0\u00bb bg_image_animation=\u00a0\u00bbnone\u00a0\u00bb shape_type=\u00a0\u00bb\u00a0\u00bb gradient_type=\u00a0\u00bbdefault\u00a0\u00bb][vc_column column_padding=\u00a0\u00bbpadding-2-percent\u00a0\u00bb column_padding_tablet=\u00a0\u00bbinherit\u00a0\u00bb column_padding_phone=\u00a0\u00bbinherit\u00a0\u00bb column_padding_position=\u00a0\u00bbtop\u00a0\u00bb column_element_direction_desktop=\u00a0\u00bbdefault\u00a0\u00bb column_element_spacing=\u00a0\u00bbdefault\u00a0\u00bb&#8230;<\/p>\n","protected":false},"author":3,"featured_media":0,"parent":0,"menu_order":0,"comment_status":"closed","ping_status":"closed","template":"","meta":{"footnotes":""},"class_list":["post-5280","page","type-page","status-publish"],"_links":{"self":[{"href":"https:\/\/kiagrosoluciones.com\/fr\/wp-json\/wp\/v2\/pages\/5280","targetHints":{"allow":["GET"]}}],"collection":[{"href":"https:\/\/kiagrosoluciones.com\/fr\/wp-json\/wp\/v2\/pages"}],"about":[{"href":"https:\/\/kiagrosoluciones.com\/fr\/wp-json\/wp\/v2\/types\/page"}],"author":[{"embeddable":true,"href":"https:\/\/kiagrosoluciones.com\/fr\/wp-json\/wp\/v2\/users\/3"}],"replies":[{"embeddable":true,"href":"https:\/\/kiagrosoluciones.com\/fr\/wp-json\/wp\/v2\/comments?post=5280"}],"version-history":[{"count":5,"href":"https:\/\/kiagrosoluciones.com\/fr\/wp-json\/wp\/v2\/pages\/5280\/revisions"}],"predecessor-version":[{"id":5436,"href":"https:\/\/kiagrosoluciones.com\/fr\/wp-json\/wp\/v2\/pages\/5280\/revisions\/5436"}],"wp:attachment":[{"href":"https:\/\/kiagrosoluciones.com\/fr\/wp-json\/wp\/v2\/media?parent=5280"}],"curies":[{"name":"wp","href":"https:\/\/api.w.org\/{rel}","templated":true}]}}