{"id":5222,"date":"2023-07-09T09:07:01","date_gmt":"2023-07-09T12:07:01","guid":{"rendered":"https:\/\/kiagrosoluciones.com\/domande-frequenti\/"},"modified":"2025-04-08T16:04:36","modified_gmt":"2025-04-08T19:04:36","slug":"domande-frequenti","status":"publish","type":"page","link":"https:\/\/kiagrosoluciones.com\/it\/domande-frequenti\/","title":{"rendered":"Domande frequenti"},"content":{"rendered":"[vc_row type=&#8221;full_width_content&#8221; full_screen_row_position=&#8221;middle&#8221; column_margin=&#8221;default&#8221; equal_height=&#8221;yes&#8221; content_placement=&#8221;top&#8221; column_direction=&#8221;default&#8221; column_direction_tablet=&#8221;default&#8221; column_direction_phone=&#8221;default&#8221; bg_color=&#8221;#b7ce42&#8243; bg_image=&#8221;535&#8243; bg_position=&#8221;left top&#8221; background_image_loading=&#8221;default&#8221; bg_repeat=&#8221;no-repeat&#8221; scene_position=&#8221;center&#8221; top_padding=&#8221;12%&#8221; bottom_padding=&#8221;5%&#8221; left_padding_desktop=&#8221;8%&#8221; constrain_group_2=&#8221;yes&#8221; right_padding_desktop=&#8221;8%&#8221; bottom_padding_tablet=&#8221;12%&#8221; left_padding_tablet=&#8221;20vw&#8221; constrain_group_4=&#8221;yes&#8221; right_padding_tablet=&#8221;20vw&#8221; left_padding_phone=&#8221;7vw&#8221; constrain_group_6=&#8221;yes&#8221; right_padding_phone=&#8221;7vw&#8221; text_color=&#8221;dark&#8221; text_align=&#8221;left&#8221; row_border_radius=&#8221;none&#8221; row_border_radius_applies=&#8221;bg&#8221; overflow=&#8221;visible&#8221; id=&#8221;faq&#8221; enable_gradient=&#8221;true&#8221; color_overlay=&#8221;#b7ce42&#8243; color_overlay_2=&#8221;#728e00&#8243; advanced_gradient_angle=&#8221;0&#8243; overlay_strength=&#8221;0.8&#8243; gradient_direction=&#8221;left_to_right&#8221; shape_divider_position=&#8221;bottom&#8221; bg_image_animation=&#8221;none&#8221; gradient_type=&#8221;default&#8221; shape_type=&#8221;&#8221;][vc_column column_element_direction_desktop=&#8221;default&#8221; column_element_spacing=&#8221;0px&#8221; desktop_text_alignment=&#8221;default&#8221; tablet_text_alignment=&#8221;default&#8221; phone_text_alignment=&#8221;default&#8221; background_color_opacity=&#8221;1&#8243; background_hover_color_opacity=&#8221;1&#8243; column_backdrop_filter=&#8221;none&#8221; column_shadow=&#8221;none&#8221; column_border_radius=&#8221;none&#8221; column_link_target=&#8221;_self&#8221; column_position=&#8221;static&#8221; advanced_gradient_angle=&#8221;65&#8243; width=&#8221;1\/2&#8243; tablet_width_inherit=&#8221;default&#8221; animation_type=&#8221;default&#8221; bg_image_animation=&#8221;none&#8221; border_type=&#8221;simple&#8221; column_border_width=&#8221;none&#8221; column_border_style=&#8221;solid&#8221; column_padding_type=&#8221;advanced&#8221; gradient_type=&#8221;advanced&#8221; advanced_gradient_display_type=&#8221;linear&#8221;][vc_row_inner content_placement=&#8221;top&#8221; column_margin=&#8221;default&#8221; column_direction=&#8221;default&#8221; column_direction_tablet=&#8221;default&#8221; column_direction_phone=&#8221;default&#8221; bottom_padding=&#8221;7%&#8221; text_align=&#8221;left&#8221; row_position=&#8221;default&#8221; row_position_tablet=&#8221;inherit&#8221; row_position_phone=&#8221;inherit&#8221; overflow=&#8221;visible&#8221; pointer_events=&#8221;all&#8221;][vc_column_inner column_padding=&#8221;no-extra-padding&#8221; column_padding_tablet=&#8221;inherit&#8221; column_padding_phone=&#8221;inherit&#8221; column_padding_position=&#8221;all&#8221; column_element_direction_desktop=&#8221;default&#8221; column_element_spacing=&#8221;0px&#8221; desktop_text_alignment=&#8221;default&#8221; tablet_text_alignment=&#8221;default&#8221; phone_text_alignment=&#8221;default&#8221; background_color_opacity=&#8221;1&#8243; background_hover_color_opacity=&#8221;1&#8243; column_backdrop_filter=&#8221;none&#8221; column_shadow=&#8221;none&#8221; column_border_radius=&#8221;none&#8221; column_link_target=&#8221;_self&#8221; overflow=&#8221;visible&#8221; gradient_direction=&#8221;left_to_right&#8221; overlay_strength=&#8221;0.3&#8243; width=&#8221;1\/1&#8243; tablet_width_inherit=&#8221;default&#8221; animation_type=&#8221;default&#8221; enable_animation=&#8221;true&#8221; animation=&#8221;fade-in&#8221; animation_easing=&#8221;default&#8221; bg_image_animation=&#8221;none&#8221; border_type=&#8221;simple&#8221; column_border_width=&#8221;none&#8221; column_border_style=&#8221;solid&#8221; column_padding_type=&#8221;default&#8221; gradient_type=&#8221;default&#8221; animation_offset=&#8221;90%&#8221;][nectar_highlighted_text text_color=&#8221;#ffffff&#8221; scribble_color=&#8221;#14375a&#8221; style=&#8221;scribble&#8221; scribble_shape=&#8221;squiggle-underline&#8221; scribble_thickness=&#8221;thick&#8221; scribble_speed=&#8221;1.8s&#8221; scribble_easing=&#8221;ease_in_out&#8221; custom_font_size=&#8221;3vw&#8221; id=&#8221;circle-highlight2&#8243; font_line_height=&#8221;1.4&#8243; font_size_tablet=&#8221;4vw&#8221; font_size_phone=&#8221;5vw&#8221;]\n<h2>Domande<\/h2>\n<h2><em>frequente<\/em><\/h2>\n[\/nectar_highlighted_text][divider line_type=&#8221;No Line&#8221; custom_height=&#8221;2vh&#8221;][\/vc_column_inner][\/vc_row_inner][\/vc_column][vc_column column_padding=&#8221;no-extra-padding&#8221; column_padding_tablet=&#8221;inherit&#8221; column_padding_phone=&#8221;inherit&#8221; column_padding_position=&#8221;all&#8221; column_element_direction_desktop=&#8221;default&#8221; column_element_spacing=&#8221;default&#8221; desktop_text_alignment=&#8221;default&#8221; tablet_text_alignment=&#8221;default&#8221; phone_text_alignment=&#8221;default&#8221; background_color=&#8221;#ffffff&#8221; background_color_opacity=&#8221;1&#8243; background_hover_color_opacity=&#8221;1&#8243; column_backdrop_filter=&#8221;none&#8221; column_shadow=&#8221;none&#8221; column_border_radius=&#8221;none&#8221; column_link_target=&#8221;_self&#8221; column_position=&#8221;default&#8221; gradient_direction=&#8221;left_to_right&#8221; overlay_strength=&#8221;0.3&#8243; width=&#8221;1\/2&#8243; tablet_width_inherit=&#8221;default&#8221; animation_type=&#8221;default&#8221; bg_image_animation=&#8221;none&#8221; border_type=&#8221;simple&#8221; column_border_width=&#8221;none&#8221; column_border_style=&#8221;solid&#8221; column_padding_type=&#8221;default&#8221; gradient_type=&#8221;default&#8221;][toggles style=&#8221;minimal_shadow&#8221; accordion=&#8221;true&#8221; accordion_starting_functionality=&#8221;closed&#8221; border_radius=&#8221;none&#8221;][toggle color=&#8221;Accent-Color&#8221; heading_tag=&#8221;h3&#8243; heading_tag_functionality=&#8221;default&#8221; title=&#8221;Quali vantaggi ottengo incorporando il Sistema Ki nelle mie coltivazioni?&#8221;][vc_column_text]\n<ul>\n<li style=\"font-weight: 400;\" aria-level=\"1\"><b>Meno prodotti chimici, pi\u00f9 risparmi <\/b><span style=\"font-weight: 400;\">Meno uso di erbicidi e fertilizzanti.<\/span><\/li>\n<li style=\"font-weight: 400;\" aria-level=\"1\"><b>Gestione efficiente dei pascoli <\/b><span style=\"font-weight: 400;\">Controlla le erbacce indesiderate in modo naturale.<\/span><\/li>\n<li style=\"font-weight: 400;\" aria-level=\"1\"><b>Riduzione dei costi operativi <\/b><span style=\"font-weight: 400;\">Genera risparmi in termini di manodopera, carburante e altri costi.<\/span><\/li>\n<li style=\"font-weight: 400;\" aria-level=\"1\"><b>Diversificazione aziendale <\/b><span style=\"font-weight: 400;\">Integra la produzione di bestiame e frutta incorporando una nuova attivit\u00e0 nella stessa propriet\u00e0 produttiva.<\/span><\/li>\n<li style=\"font-weight: 400;\" aria-level=\"1\"><b>Valorizzazione della produzione <\/b><span style=\"font-weight: 400;\">Permette la produzione di un prodotto ecologico, particolarmente apprezzato nei mercati pi\u00f9 sofisticati. <\/span><\/li>\n<\/ul>\n<p>&nbsp;<\/p>\n<p><span style=\"font-weight: 400;\">Questi benefici possono non solo combinarsi ma anche potenziarsi a vicenda, generando un impatto positivo sull&#8217;efficienza e sulla redditivit\u00e0 dell&#8217;azienda agricola.<\/span>[\/vc_column_text][\/toggle][toggle color=&#8221;Accent-Color&#8221; heading_tag=&#8221;h3&#8243; heading_tag_functionality=&#8221;default&#8221; title=&#8221;Il sistema Ki impedisce agli alberi da frutto di sfogliare?&#8221;][vc_column_text]<span style=\"font-weight: 400;\">Il sistema Ki \u00e8 stato progettato per controllare la brucatura dei rami bassi nella produzione di frutta. L&#8217;efficacia del sistema dipende dall&#8217;esistenza di un&#8217;offerta sufficiente di erba, in modo che gli animali possano soddisfare le loro esigenze nutrizionali e non siano attratti a mangiare le colture. Dipende anche dalla corretta regolazione della museruola, una questione su cui ti consigliamo e supportiamo il nostro ufficio tecnico. Non consigliamo l&#8217;uso del sistema Ki se il raccolto \u00e8 nelle prime fasi vegetative. <\/span>[\/vc_column_text][\/toggle][toggle color=&#8221;Accent-Color&#8221; heading_tag=&#8221;h3&#8243; heading_tag_functionality=&#8221;default&#8221; title=&#8221;Posso utilizzare il Ki System in qualsiasi coltura da frutto?&#8221;][vc_column_text]<span style=\"font-weight: 400;\">S\u00ec, il sistema Ki \u00e8 efficace nell&#8217;impedire alle pecore o alle capre di brucare e danneggiare gli alberi da frutto dall&#8217;altezza della testa in su. In questo modo si protegge il raccolto e si permette alle pecore di nutrirsi delle erbe al di sotto di questa altezza. Come riferimento, questa altezza dovrebbe superare il metro, a seconda della razza e della categoria degli animali. <\/span><\/p>\n<p><span style=\"font-weight: 400;\">Per qualsiasi domanda, non esitare a contattarci e ti consiglieremo.<\/span>[\/vc_column_text][\/toggle][toggle color=&#8221;Accent-Color&#8221; heading_tag=&#8221;h3&#8243; heading_tag_functionality=&#8221;default&#8221; title=&#8221;Quanta erba devo avere per utilizzare gli animali nella coltivazione?&#8221;][vc_column_text]<span style=\"font-weight: 400;\">Il Sistema Ki \u00e8 stato progettato appositamente per il pascolo di pecore e\/o capre nei frutteti. Affinch\u00e9 il sistema sia efficiente, \u00e8 importante che ci sia una riserva di pascolo tra e sotto le colture per garantire la disponibilit\u00e0 di cibo per gli animali. <\/span><\/p>\n<p><span style=\"font-weight: 400;\">In caso di scarsa disponibilit\u00e0 di erba, gli animali cercheranno di soddisfare la loro fame in qualche modo, causando danni alle colture.<\/span><\/p>\n<p><span style=\"font-weight: 400;\">Per qualsiasi domanda, non esitare a contattarci e ti consiglieremo.<\/span>[\/vc_column_text][\/toggle][toggle color=&#8221;Accent-Color&#8221; heading_tag=&#8221;h3&#8243; heading_tag_functionality=&#8221;default&#8221; title=&#8221;Esistono museruole Ki di diverse dimensioni?&#8221;][vc_column_text]<span style=\"font-weight: 400;\">Le museruole Ki sono disponibili in un&#8217;unica taglia, ma hanno una regolazione a 4 punti <\/span><span style=\"font-weight: 400;\">ha una pettorina con 4 punti di regolazione variabile per adattarsi alle diverse taglie e morfologie delle varie razze.<\/span>[\/vc_column_text][\/toggle][toggle color=&#8221;Accent-Color&#8221; heading_tag=&#8221;h3&#8243; heading_tag_functionality=&#8221;default&#8221; title=&#8221;Sono adatti a tutte le razze di pecore o capre?&#8221;][vc_column_text]<span style=\"font-weight: 400;\">S\u00ec, le museruole Ki sono state testate su diverse razze di pecore e capre e sono adattabili grazie ai 4 punti di regolazione. <\/span><\/p>\n<p><span style=\"font-weight: 400;\">Se hai dubbi su una razza specifica, contattaci e ti consiglieremo.<\/span>[\/vc_column_text][\/toggle][toggle color=&#8221;Accent-Color&#8221; heading_tag=&#8221;h3&#8243; heading_tag_functionality=&#8221;default&#8221; title=&#8221;Possono essere utilizzati su altri animali?&#8221;][vc_column_text]<span style=\"font-weight: 400;\">Sono ideali per pecore e capre e se ne consiglia l&#8217;uso a partire dai 3 mesi di et\u00e0.<\/span><\/p>\n<p><span style=\"font-weight: 400;\">Per ora sono stati progettati per pecore e capre. Tuttavia, stiamo sviluppando nuovi prodotti per altri animali che saranno presto disponibili. <\/span>[\/vc_column_text][\/toggle][toggle color=&#8221;Accent-Color&#8221; heading_tag=&#8221;h3&#8243; heading_tag_functionality=&#8221;default&#8221; title=&#8221;Le museruole Ki hanno una garanzia?&#8221;][vc_column_text]<span style=\"font-weight: 400;\">S\u00ec, offriamo una garanzia contro i difetti di fabbricazione. Se hai qualche problema con il prodotto, contattaci per risolverlo. <\/span>[\/vc_column_text][\/toggle][toggle color=&#8221;Accent-Color&#8221; heading_tag=&#8221;h3&#8243; heading_tag_functionality=&#8221;default&#8221; title=&#8221;\u00c8 necessario un addestramento preliminare affinch\u00e9 gli animali si abituino alla museruola Ki?&#8221;][vc_column_text]<span style=\"font-weight: 400;\">Nella maggior parte dei casi, gli animali si adattano rapidamente alla museruola. Tuttavia, \u00e8 utile osservare gli animali durante i primi giorni per vedere come si abituano al suo utilizzo. <\/span><\/p>\n<p><span style=\"font-weight: 400;\">Se hai dei dubbi, contattaci per una consulenza personalizzata.<\/span>[\/vc_column_text][\/toggle][toggle color=&#8221;Accent-Color&#8221; heading_tag=&#8221;h3&#8243; heading_tag_functionality=&#8221;default&#8221; title=&#8221;Effettuate spedizioni?&#8221;][vc_column_text]<span style=\"font-weight: 400;\">Abbiamo una rete di distributori e centri logistici in diversi paesi. Puoi verificare le destinazioni con il nostro ufficio vendite. Se non hai un distributore nel tuo paese, puoi scriverci e saremo lieti di organizzare la consegna diretta alla tua sede. <\/span>[\/vc_column_text][\/toggle][toggle color=&#8221;Accent-Color&#8221; heading_tag=&#8221;h3&#8243; heading_tag_functionality=&#8221;default&#8221; title=&#8221;Non ho mai usato una museruola, \u00e8 facile da montare?&#8221;][vc_column_text]<span style=\"font-weight: 400;\">S\u00ec! Quando acquisti le museruole Ki, riceverai un manuale d&#8217;uso e le specifiche tecniche insieme a video esplicativi che ti guideranno a fare un&#8217;ottima esperienza d&#8217;uso. <\/span><span style=\"font-weight: 400;\">Inoltre, il nostro team tecnico e commerciale sar\u00e0 sempre pronto a supportarti nel processo di apprendimento e implementazione del Sistema Ki.<\/span>[\/vc_column_text][\/toggle][toggle color=&#8221;Accent-Color&#8221; heading_tag=&#8221;h3&#8243; heading_tag_functionality=&#8221;default&#8221; title=&#8221;Gli animali possono indossare sempre la museruola Ki o devono toglierla a un certo punto della giornata?&#8221;][vc_column_text]<span style=\"font-weight: 400;\">Le museruole possono essere lasciate in posizione permanente, non devono essere rimosse e sostituite durante la notte. <\/span><\/p>\n<p><span style=\"font-weight: 400;\">Tuttavia, questo dipende dal modo in cui gestisci gli animali. Se gli animali sono confinati, le museruole devono essere strette e controllate prima di rimandarli al pascolo. Se lasci le pecore o le capre nel campo, questa operazione non \u00e8 necessaria. Ti consigliamo di controllare ogni due o tre giorni che le museruole siano ben strette e che non facciano male alle pecore o alle capre a causa di un errato posizionamento. <\/span><\/p>\n<p><span style=\"font-weight: 400;\">Puoi pensare di utilizzare il Ki System tutto l&#8217;anno. In colture come gli agrumi o gli avocado, i coltivatori spesso li lasciano in funzione tutto l&#8217;anno. In altre colture, come quelle a foglia caduca, alcuni coltivatori rimuovono i musi per il periodo in cui gli alberi sono senza foglie. <\/span>[\/vc_column_text][\/toggle][toggle color=&#8221;Accent-Color&#8221; heading_tag=&#8221;h3&#8243; heading_tag_functionality=&#8221;default&#8221; title=&#8221;Come posso pulire e mantenere le museruole in buone condizioni?&#8221;][vc_column_text]<span style=\"font-weight: 400;\">Le museruole Ki sono progettate per durare a lungo, ma \u00e8 importante pulirle con acqua e sapone neutro, soprattutto se accumulano sporco o letame. Conservale in un luogo asciutto quando non le usi. <\/span><\/p>\n<p><span style=\"font-weight: 400;\">Il materiale delle museruole Ki corrisponde alle museruole agricole standard. La durata stimata \u00e8 di circa 4 anni a seconda dell&#8217;utilizzo. <\/span>[\/vc_column_text][\/toggle][toggle color=&#8221;Accent-Color&#8221; heading_tag=&#8221;h3&#8243; heading_tag_functionality=&#8221;default&#8221; title=&#8221;Quanti animali posso collocare per ettaro?&#8221;][vc_column_text]<span style=\"font-weight: 400;\">Questo dipende dal clima, dalla regione, dalla gestione del pascolo e dalla disponibilit\u00e0 di pascoli esistenti. <\/span><\/p>\n<p><span style=\"font-weight: 400;\">Per riferimento, <\/span><span style=\"font-weight: 400;\">e<\/span><span style=\"font-weight: 400;\">el bioma pampeano (cos\u00ec sono classificate le estese pianure o praterie dell&#8217;Argentina centro-orientale, di parte dell&#8217;Uruguay e del Brasile meridionale),<\/span> <span style=\"font-weight: 400;\">si stima che una pecora o una capra <\/span><span style=\"font-weight: 400;\">consuma dai 6 agli 8 m\u00b2 di pascolo al giorno. <\/span><\/p>\n<p><span style=\"font-weight: 400;\">Tenendo conto di ci\u00f2 e delle diverse esperienze dei frutticoltori, di solito si utilizzano da 6 a 10 animali per ettaro (bassa densit\u00e0) e fino a 70 animali per ettaro (alta densit\u00e0). Questo numero dipende molto dalla gestione degli animali. <\/span><span style=\"font-weight: 400;\">la disponibilit\u00e0 di manodopera e il tipo di attivit\u00e0 preferita per le pecore <\/span><span style=\"font-weight: 400;\">la disponibilit\u00e0 di manodopera e il tipo di attivit\u00e0 preferita per le pecore, e la<\/span><span style=\"font-weight: 400;\">. Ad esempio, se il pascolo \u00e8 razionale, puoi aumentare notevolmente il numero di animali per ettaro. <\/span>[\/vc_column_text][\/toggle][toggle color=&#8221;Accent-Color&#8221; heading_tag=&#8221;h3&#8243; heading_tag_functionality=&#8221;default&#8221; title=&#8221;Come posso generare reddito oltre alla frutticoltura con gli animali?&#8221;][vc_column_text]<span style=\"font-weight: 400;\">L&#8217;incorporazione del Sistema Ki permette di ottenere un reddito aggiuntivo per i produttori di frutta attraverso l&#8217;incorporazione di un &#8220;secondo piano produttivo&#8221; con pecore o capre. L&#8217;allevamento di bestiame permette di diversificare il reddito sullo stesso appezzamento di terreno, consentendo di ottenere un reddito dall&#8217;ingrasso di pecore o capre, dalla vendita della prole, della lana e\/o di altri sottoprodotti (come latte e formaggio, ad esempio). <\/span><\/p>\n<p><span style=\"font-weight: 400;\">Diverse esperienze di produttori sono riuscite a combinare e sviluppare il silvopastoralismo nelle piantagioni di frutta, incorporando gli animali nelle loro aziende o creando alleanze tra allevatori che permettono di condividere i benefici tra allevatori e frutticoltori delle aree vicine. <\/span>[\/vc_column_text][\/toggle][toggle color=&#8221;Accent-Color&#8221; heading_tag=&#8221;h3&#8243; heading_tag_functionality=&#8221;default&#8221; title=&#8221;Cosa devo fare se la mia certificazione non ammette animali nei locali?&#8221;][vc_column_text]<span style=\"font-weight: 400;\">Esistono certificazioni che accettano, valorizzano e promuovono l&#8217;uso degli animali nelle piantagioni di frutta. Scopri quale \u00e8 la pi\u00f9 adatta alle tue esigenze e ai tuoi mercati. <\/span><\/p>\n<p><span style=\"font-weight: 400;\">L&#8217;introduzione del Ki-System e la gestione rigenerativa del suolo sono punti di riferimento per le soluzioni basate sulla natura (NBS) che apportano contemporaneamente benefici alle persone e alla natura. <\/span>[\/vc_column_text][\/toggle][toggle color=&#8221;Accent-Color&#8221; heading_tag=&#8221;h3&#8243; heading_tag_functionality=&#8221;default&#8221; title=&#8221;Cosa devo fare se un animale sembra a disagio con la museruola?&#8221;][vc_column_text]<span style=\"font-weight: 400;\">Controlla i punti di regolazione per assicurarti che la museruola Ki non sia troppo stretta o allentata. \u00c8 importante assicurarsi che la museruola Ki sia montata correttamente secondo i manuali d&#8217;uso e le specifiche fornite da Ki. <\/span><\/p>\n<p><span style=\"font-weight: 400;\">La museruola \u00e8 stata progettata pensando al benessere e alla cura dell&#8217;animale, riducendo al minimo le interferenze con l&#8217;alimentazione e il comportamento.<\/span><\/p>\n<p><span style=\"font-weight: 400;\">Se il problema persiste, contattaci per un consiglio.<\/span>[\/vc_column_text][\/toggle][\/toggles][\/vc_column][\/vc_row]\n","protected":false},"excerpt":{"rendered":"<p>[vc_row type=&#8221;full_width_content&#8221; full_screen_row_position=&#8221;middle&#8221; column_margin=&#8221;default&#8221; equal_height=&#8221;yes&#8221; content_placement=&#8221;top&#8221; column_direction=&#8221;default&#8221; column_direction_tablet=&#8221;default&#8221; column_direction_phone=&#8221;default&#8221; bg_color=&#8221;#b7ce42&#8243; bg_image=&#8221;535&#8243; bg_position=&#8221;left top&#8221; background_image_loading=&#8221;default&#8221; bg_repeat=&#8221;no-repeat&#8221; scene_position=&#8221;center&#8221; top_padding=&#8221;12%&#8221; bottom_padding=&#8221;5%&#8221; left_padding_desktop=&#8221;8%&#8221; constrain_group_2=&#8221;yes&#8221; right_padding_desktop=&#8221;8%&#8221; bottom_padding_tablet=&#8221;12%&#8221; left_padding_tablet=&#8221;20vw&#8221; constrain_group_4=&#8221;yes&#8221; right_padding_tablet=&#8221;20vw&#8221; left_padding_phone=&#8221;7vw&#8221; constrain_group_6=&#8221;yes&#8221; right_padding_phone=&#8221;7vw&#8221; text_color=&#8221;dark&#8221; text_align=&#8221;left&#8221;&#8230;<\/p>\n","protected":false},"author":3,"featured_media":0,"parent":0,"menu_order":0,"comment_status":"closed","ping_status":"closed","template":"","meta":{"footnotes":""},"class_list":["post-5222","page","type-page","status-publish"],"_links":{"self":[{"href":"https:\/\/kiagrosoluciones.com\/it\/wp-json\/wp\/v2\/pages\/5222","targetHints":{"allow":["GET"]}}],"collection":[{"href":"https:\/\/kiagrosoluciones.com\/it\/wp-json\/wp\/v2\/pages"}],"about":[{"href":"https:\/\/kiagrosoluciones.com\/it\/wp-json\/wp\/v2\/types\/page"}],"author":[{"embeddable":true,"href":"https:\/\/kiagrosoluciones.com\/it\/wp-json\/wp\/v2\/users\/3"}],"replies":[{"embeddable":true,"href":"https:\/\/kiagrosoluciones.com\/it\/wp-json\/wp\/v2\/comments?post=5222"}],"version-history":[{"count":6,"href":"https:\/\/kiagrosoluciones.com\/it\/wp-json\/wp\/v2\/pages\/5222\/revisions"}],"predecessor-version":[{"id":5453,"href":"https:\/\/kiagrosoluciones.com\/it\/wp-json\/wp\/v2\/pages\/5222\/revisions\/5453"}],"wp:attachment":[{"href":"https:\/\/kiagrosoluciones.com\/it\/wp-json\/wp\/v2\/media?parent=5222"}],"curies":[{"name":"wp","href":"https:\/\/api.w.org\/{rel}","templated":true}]}}