{"id":5211,"date":"2023-07-09T09:07:01","date_gmt":"2023-07-09T12:07:01","guid":{"rendered":"https:\/\/kiagrosoluciones.com\/perguntas-frequentes\/"},"modified":"2025-04-07T23:45:22","modified_gmt":"2025-04-08T02:45:22","slug":"perguntas-frequentes","status":"publish","type":"page","link":"https:\/\/kiagrosoluciones.com\/pt-br\/perguntas-frequentes\/","title":{"rendered":"Perguntas frequentes"},"content":{"rendered":"[vc_row type=&#8221;full_width_content&#8221; full_screen_row_position=&#8221;middle&#8221; column_margin=&#8221;default&#8221; equal_height=&#8221;yes&#8221; content_placement=&#8221;top&#8221; column_direction=&#8221;default&#8221; column_direction_tablet=&#8221;default&#8221; column_direction_phone=&#8221;default&#8221; bg_color=&#8221;#b7ce42&#8243; bg_image=&#8221;535&#8243; bg_position=&#8221;left top&#8221; background_image_loading=&#8221;default&#8221; bg_repeat=&#8221;no-repeat&#8221; scene_position=&#8221;center&#8221; top_padding=&#8221;12%&#8221; bottom_padding=&#8221;5%&#8221; left_padding_desktop=&#8221;8%&#8221; constrain_group_2=&#8221;yes&#8221; right_padding_desktop=&#8221;8%&#8221; bottom_padding_tablet=&#8221;12%&#8221; left_padding_tablet=&#8221;20vw&#8221; constrain_group_4=&#8221;yes&#8221; right_padding_tablet=&#8221;20vw&#8221; left_padding_phone=&#8221;7vw&#8221; constrain_group_6=&#8221;yes&#8221; right_padding_phone=&#8221;7vw&#8221; text_color=&#8221;dark&#8221; text_align=&#8221;left&#8221; row_border_radius=&#8221;none&#8221; row_border_radius_applies=&#8221;bg&#8221; overflow=&#8221;visible&#8221; id=&#8221;faq&#8221; enable_gradient=&#8221;true&#8221; color_overlay=&#8221;#b7ce42&#8243; color_overlay_2=&#8221;#728e00&#8243; advanced_gradient_angle=&#8221;0&#8243; overlay_strength=&#8221;0.8&#8243; gradient_direction=&#8221;left_to_right&#8221; shape_divider_position=&#8221;bottom&#8221; bg_image_animation=&#8221;none&#8221; gradient_type=&#8221;default&#8221; shape_type=&#8221;&#8221;][vc_column column_element_direction_desktop=&#8221;default&#8221; column_element_spacing=&#8221;0px&#8221; desktop_text_alignment=&#8221;default&#8221; tablet_text_alignment=&#8221;default&#8221; phone_text_alignment=&#8221;default&#8221; background_color_opacity=&#8221;1&#8243; background_hover_color_opacity=&#8221;1&#8243; column_backdrop_filter=&#8221;none&#8221; column_shadow=&#8221;none&#8221; column_border_radius=&#8221;none&#8221; column_link_target=&#8221;_self&#8221; column_position=&#8221;static&#8221; advanced_gradient_angle=&#8221;65&#8243; width=&#8221;1\/2&#8243; tablet_width_inherit=&#8221;default&#8221; animation_type=&#8221;default&#8221; bg_image_animation=&#8221;none&#8221; border_type=&#8221;simple&#8221; column_border_width=&#8221;none&#8221; column_border_style=&#8221;solid&#8221; column_padding_type=&#8221;advanced&#8221; gradient_type=&#8221;advanced&#8221; advanced_gradient_display_type=&#8221;linear&#8221;][vc_row_inner content_placement=&#8221;top&#8221; column_margin=&#8221;default&#8221; column_direction=&#8221;default&#8221; column_direction_tablet=&#8221;default&#8221; column_direction_phone=&#8221;default&#8221; bottom_padding=&#8221;7%&#8221; text_align=&#8221;left&#8221; row_position=&#8221;default&#8221; row_position_tablet=&#8221;inherit&#8221; row_position_phone=&#8221;inherit&#8221; overflow=&#8221;visible&#8221; pointer_events=&#8221;all&#8221;][vc_column_inner column_padding=&#8221;no-extra-padding&#8221; column_padding_tablet=&#8221;inherit&#8221; column_padding_phone=&#8221;inherit&#8221; column_padding_position=&#8221;all&#8221; column_element_direction_desktop=&#8221;default&#8221; column_element_spacing=&#8221;0px&#8221; desktop_text_alignment=&#8221;default&#8221; tablet_text_alignment=&#8221;default&#8221; phone_text_alignment=&#8221;default&#8221; background_color_opacity=&#8221;1&#8243; background_hover_color_opacity=&#8221;1&#8243; column_backdrop_filter=&#8221;none&#8221; column_shadow=&#8221;none&#8221; column_border_radius=&#8221;none&#8221; column_link_target=&#8221;_self&#8221; overflow=&#8221;visible&#8221; gradient_direction=&#8221;left_to_right&#8221; overlay_strength=&#8221;0.3&#8243; width=&#8221;1\/1&#8243; tablet_width_inherit=&#8221;default&#8221; animation_type=&#8221;default&#8221; enable_animation=&#8221;true&#8221; animation=&#8221;fade-in&#8221; animation_easing=&#8221;default&#8221; bg_image_animation=&#8221;none&#8221; border_type=&#8221;simple&#8221; column_border_width=&#8221;none&#8221; column_border_style=&#8221;solid&#8221; column_padding_type=&#8221;default&#8221; gradient_type=&#8221;default&#8221; animation_offset=&#8221;90%&#8221;][nectar_highlighted_text text_color=&#8221;#ffffff&#8221; scribble_color=&#8221;#14375a&#8221; style=&#8221;scribble&#8221; scribble_shape=&#8221;squiggle-underline&#8221; scribble_thickness=&#8221;thick&#8221; scribble_speed=&#8221;1.8s&#8221; scribble_easing=&#8221;ease_in_out&#8221; custom_font_size=&#8221;3vw&#8221; id=&#8221;circle-highlight2&#8243; font_line_height=&#8221;1.4&#8243; font_size_tablet=&#8221;4vw&#8221; font_size_phone=&#8221;5vw&#8221;]\n<h2>Perguntas<\/h2>\n<h2><em>frequentes<\/em><\/h2>\n[\/nectar_highlighted_text][divider line_type=&#8221;No Line&#8221; custom_height=&#8221;2vh&#8221;][\/vc_column_inner][\/vc_row_inner][\/vc_column][vc_column column_padding=&#8221;no-extra-padding&#8221; column_padding_tablet=&#8221;inherit&#8221; column_padding_phone=&#8221;inherit&#8221; column_padding_position=&#8221;all&#8221; column_element_direction_desktop=&#8221;default&#8221; column_element_spacing=&#8221;default&#8221; desktop_text_alignment=&#8221;default&#8221; tablet_text_alignment=&#8221;default&#8221; phone_text_alignment=&#8221;default&#8221; background_color=&#8221;#ffffff&#8221; background_color_opacity=&#8221;1&#8243; background_hover_color_opacity=&#8221;1&#8243; column_backdrop_filter=&#8221;none&#8221; column_shadow=&#8221;none&#8221; column_border_radius=&#8221;none&#8221; column_link_target=&#8221;_self&#8221; column_position=&#8221;default&#8221; gradient_direction=&#8221;left_to_right&#8221; overlay_strength=&#8221;0.3&#8243; width=&#8221;1\/2&#8243; tablet_width_inherit=&#8221;default&#8221; animation_type=&#8221;default&#8221; bg_image_animation=&#8221;none&#8221; border_type=&#8221;simple&#8221; column_border_width=&#8221;none&#8221; column_border_style=&#8221;solid&#8221; column_padding_type=&#8221;default&#8221; gradient_type=&#8221;default&#8221;][toggles style=&#8221;minimal_shadow&#8221; accordion=&#8221;true&#8221; accordion_starting_functionality=&#8221;closed&#8221; border_radius=&#8221;none&#8221;][toggle color=&#8221;Accent-Color&#8221; heading_tag=&#8221;h3&#8243; heading_tag_functionality=&#8221;default&#8221; title=&#8221;Que benef\u00edcios obtenho ao incorporar o Sistema Ki em minhas planta\u00e7\u00f5es?&#8221;][vc_column_text]\n<ul>\n<li style=\"font-weight: 400;\" aria-level=\"1\"><b>Menos produtos qu\u00edmicos, mais economia: <\/b><span style=\"font-weight: 400;\">Voc\u00ea pode usar menos herbicidas e fertilizantes,<\/span><\/li>\n<li style=\"font-weight: 400;\" aria-level=\"1\"><b>Gest\u00e3o eficiente do pasto: <\/b><span style=\"font-weight: 400;\">Controla ervas daninhas indesejadas de forma natural.<\/span><\/li>\n<li style=\"font-weight: 400;\" aria-level=\"1\"><b>Redu\u00e7\u00e3o de custos operacionais: <\/b><span style=\"font-weight: 400;\">Gera economia de m\u00e3o de obra, combust\u00edvel, entre outros,<\/span><\/li>\n<li style=\"font-weight: 400;\" aria-level=\"1\"><b>Diversifica\u00e7\u00e3o de neg\u00f3cios: <\/b><span style=\"font-weight: 400;\">Integra a produ\u00e7\u00e3o de gado e frutas ao incorporar um novo neg\u00f3cio na mesma propriedade produtiva,<\/span><\/li>\n<li style=\"font-weight: 400;\" aria-level=\"1\"><b>Valoriza\u00e7\u00e3o da produ\u00e7\u00e3o: <\/b><span style=\"font-weight: 400;\">Permite a produ\u00e7\u00e3o de um produto ecol\u00f3gico, especialmente valorizado em mercados sofisticados. <\/span><\/li>\n<\/ul>\n<p>&nbsp;<\/p>\n<p><span style=\"font-weight: 400;\">Esses benef\u00edcios n\u00e3o s\u00f3 podem ser combinados, mas tamb\u00e9m melhorar uns aos outros, gerando um impacto positivo na efici\u00eancia e na lucratividade da fazenda.<\/span>[\/vc_column_text][\/toggle][toggle color=&#8221;Accent-Color&#8221; heading_tag=&#8221;h3&#8243; heading_tag_functionality=&#8221;default&#8221; title=&#8221;O sistema evita que as \u00e1rvores frut\u00edferas sejam danificadas?&#8221;][vc_column_text]<span style=\"font-weight: 400;\">O sistema Ki foi desenhado para controlar o dano de galhos baixos na produ\u00e7\u00e3o de frutas. A efic\u00e1cia do sistema depende da exist\u00eancia de um suprimento suficiente de grama para que os animais possam satisfazer suas necessidades nutricionais e n\u00e3o sejam atra\u00eddos para comer as planta\u00e7\u00f5es. Depende tamb\u00e9m do ajuste adequado da focinheira, um assunto sobre o qual prestamos consultoria e apoio de nosso departamento t\u00e9cnico. N\u00e3o recomendamos o uso do sistema Ki se a cultura estiver em seus est\u00e1gios vegetativos iniciais.<\/span>[\/vc_column_text][\/toggle][toggle color=&#8221;Accent-Color&#8221; heading_tag=&#8221;h3&#8243; heading_tag_functionality=&#8221;default&#8221; title=&#8221;Posso usar o Sistema Ki em qualquer cultura de frutas?&#8221;][vc_column_text]<span style=\"font-weight: 400;\">Sim, o sistema Ki \u00e9 eficaz para evitar que as ovelhas ou cabras causem danos \u00e0s \u00e1rvores frut\u00edferas da altura da cabe\u00e7a para cima. Isso protege a planta\u00e7\u00e3o e permite que as ovelhas se alimentem das gram\u00edneas abaixo dessa altura. Como refer\u00eancia, essa altura deve exceder um metro, dependendo da ra\u00e7a e da categoria dos animais.<\/span><\/p>\n<p><span style=\"font-weight: 400;\">Se voc\u00ea tiver alguma d\u00favida, n\u00e3o hesite em entrar em contato conosco e n\u00f3s o orientaremos.<\/span>[\/vc_column_text][\/toggle][toggle color=&#8221;Accent-Color&#8221; heading_tag=&#8221;h3&#8243; heading_tag_functionality=&#8221;default&#8221; title=&#8221;Qual \u00e9 a quantidade de grama que preciso ter para usar animais no cultivo?&#8221;][vc_column_text]<span style=\"font-weight: 400;\">O Sistema Ki foi especialmente projetado para o pastoreio de ovelhas e\/ou cabras em pomares de frutas. Para que o sistema seja eficiente, \u00e9 importante que voc\u00ea tenha um suprimento de pasto entre e sob as planta\u00e7\u00f5es para garantir a disponibilidade de alimentos para os animais. <\/span><\/p>\n<p><span style=\"font-weight: 400;\">Em caso de baixa oferta de grama, os animais procurar\u00e3o satisfazer sua fome de alguma forma, o que pode causar danos \u00e0s planta\u00e7\u00f5es.<\/span><\/p>\n<p><span style=\"font-weight: 400;\">Se voc\u00ea tiver alguma d\u00favida, n\u00e3o hesite em entrar em contato conosco e n\u00f3s o orientaremos.<\/span>[\/vc_column_text][\/toggle][toggle color=&#8221;Accent-Color&#8221; heading_tag=&#8221;h3&#8243; heading_tag_functionality=&#8221;default&#8221; title=&#8221;Voc\u00ea tem focinheiras Ki de tamanhos diferentes?&#8221;][vc_column_text]<span style=\"font-weight: 400;\">As focinheiras Ki s\u00e3o fornecidas em um \u00fanico tamanho, mas t\u00eam um arn\u00eas de ajuste de 4 pontos\u00a0de ajuste vari\u00e1vel para adapt\u00e1-lo aos diferentes tamanhos e morfologias das diferentes ra\u00e7as.<\/span>[\/vc_column_text][\/toggle][toggle color=&#8221;Accent-Color&#8221; heading_tag=&#8221;h3&#8243; heading_tag_functionality=&#8221;default&#8221; title=&#8221;Eles s\u00e3o adequados para todas as ra\u00e7as de ovelhas ou cabras?&#8221;][vc_column_text]<span style=\"font-weight: 400;\">Sim, as focinheiras Ki foram testadas em v\u00e1rias ra\u00e7as de ovelhas e cabras e s\u00e3o adapt\u00e1veis gra\u00e7as aos seus 4 pontos de ajuste. <\/span><\/p>\n<p><span style=\"font-weight: 400;\">Se voc\u00ea tiver d\u00favidas sobre uma ra\u00e7a espec\u00edfica, entre em contato conosco e n\u00f3s o orientaremos.<\/span>[\/vc_column_text][\/toggle][toggle color=&#8221;Accent-Color&#8221; heading_tag=&#8221;h3&#8243; heading_tag_functionality=&#8221;default&#8221; title=&#8221;Eles podem ser usados em outros animais?&#8221;][vc_column_text]<span style=\"font-weight: 400;\">Eles s\u00e3o ideais para ovelhas e cabras e s\u00e3o recomendados para uso a partir dos 3 meses de idade.<\/span><\/p>\n<p><span style=\"font-weight: 400;\">Por enquanto, eles s\u00e3o projetados para ovinos e caprinos. No entanto, estamos desenvolvendo novos produtos para outros animais que estar\u00e3o dispon\u00edveis em breve. <\/span>[\/vc_column_text][\/toggle][toggle color=&#8221;Accent-Color&#8221; heading_tag=&#8221;h3&#8243; heading_tag_functionality=&#8221;default&#8221; title=&#8221;As focinheiras Ki v\u00eam com garantia?&#8221;][vc_column_text]<span style=\"font-weight: 400;\">Sim, oferecemos uma garantia contra defeitos de fabrica\u00e7\u00e3o. Se voc\u00ea tiver algum problema com o produto, entre em contato conosco para resolv\u00ea-lo. <\/span>[\/vc_column_text][\/toggle][toggle color=&#8221;Accent-Color&#8221; heading_tag=&#8221;h3&#8243; heading_tag_functionality=&#8221;default&#8221; title=&#8221;\u00c9 necess\u00e1rio treinamento pr\u00e9vio para que os animais se acostumem com a focinheira Ki?&#8221;][vc_column_text]<span style=\"font-weight: 400;\">Na maioria dos casos, os animais se adaptam rapidamente \u00e0 focinheira. No entanto, \u00e9 \u00fatil observar os animais durante os primeiros dias para ver se eles se acostumaram bem ao uso da focinheira. <\/span><\/p>\n<p><span style=\"font-weight: 400;\">Se voc\u00ea tiver alguma d\u00favida, entre em contato conosco para obter orienta\u00e7\u00e3o pessoal.<\/span>[\/vc_column_text][\/toggle][toggle color=&#8221;Accent-Color&#8221; heading_tag=&#8221;h3&#8243; heading_tag_functionality=&#8221;default&#8221; title=&#8221;Voc\u00ea envia?&#8221;][vc_column_text]<span style=\"font-weight: 400;\">Temos uma rede de distribuidores e centros de log\u00edstica em diferentes pa\u00edses. Voc\u00ea pode verificar os destinos com nosso departamento de vendas. Se n\u00e3o houver um distribuidor em seu pa\u00eds, voc\u00ea pode escrever para n\u00f3s e teremos prazer em providenciar a entrega direta em seu local. <\/span>[\/vc_column_text][\/toggle][toggle color=&#8221;Accent-Color&#8221; heading_tag=&#8221;h3&#8243; heading_tag_functionality=&#8221;default&#8221; title=&#8221;Eu nunca usei uma focinheira, \u00e9 f\u00e1cil de colocar?&#8221;][vc_column_text]<span style=\"font-weight: 400;\">Sim! Ao comprar as focinheiras Ki, voc\u00ea receber\u00e1 um manual do usu\u00e1rio e especifica\u00e7\u00f5es t\u00e9cnicas, al\u00e9m de v\u00eddeos explicativos que o orientar\u00e3o a ter uma experi\u00eancia de uso muito boa. <\/span><span style=\"font-weight: 400;\">Al\u00e9m disso, nossa equipe t\u00e9cnica e comercial estar\u00e1 sempre pronta para apoiar voc\u00ea no processo de aprendizagem e implementa\u00e7\u00e3o do Sistema Ki.<\/span>[\/vc_column_text][\/toggle][toggle color=&#8221;Accent-Color&#8221; heading_tag=&#8221;h3&#8243; heading_tag_functionality=&#8221;default&#8221; title=&#8221;Os animais podem usar focinheiras Ki o tempo todo ou elas devem ser removidas em algum momento do dia?&#8221;][vc_column_text]<span style=\"font-weight: 400;\">As focinheiras podem ser deixadas no lugar permanentemente, n\u00e3o precisam ser removidas e recolocadas durante a noite. <\/span><\/p>\n<p><span style=\"font-weight: 400;\">No entanto, isso depende de como voc\u00ea lida com os animais. Se voc\u00ea confinar os animais, as focinheiras devem ser apertadas e verificadas quanto ao ajuste adequado antes de mand\u00e1-los para o pasto novamente. Se voc\u00ea deixar as ovelhas ou cabras no campo, isso n\u00e3o \u00e9 necess\u00e1rio. Recomendamos que voc\u00ea verifique a cada dois ou tr\u00eas dias se as focinheiras est\u00e3o apertadas e se n\u00e3o est\u00e3o machucando as ovelhas ou cabras por mau posicionamento. <\/span><\/p>\n<p><span style=\"font-weight: 400;\">Voc\u00ea pode considerar o uso do Sistema Ki durante todo o ano. Em culturas como as de frutas c\u00edtricas ou abacate, os produtores costumam deix\u00e1-los ligados durante todo o ano. Em outras culturas, como as dec\u00edduas, alguns produtores removem as focinheiras durante o per\u00edodo em que as \u00e1rvores n\u00e3o t\u00eam folhas.<\/span>[\/vc_column_text][\/toggle][toggle color=&#8221;Accent-Color&#8221; heading_tag=&#8221;h3&#8243; heading_tag_functionality=&#8221;default&#8221; title=&#8221;Como fa\u00e7o para limpar e manter as focinheiras em boas condi\u00e7\u00f5es?&#8221;][vc_column_text]<span style=\"font-weight: 400;\">As focinheiras Ki s\u00e3o projetadas para serem dur\u00e1veis, mas \u00e9 importante limp\u00e1-las com \u00e1gua e sab\u00e3o neutro, especialmente se acumularem sujeira ou esterco. Guarde-as em um local seco quando n\u00e3o estiverem em uso. <\/span><\/p>\n<p><span style=\"font-weight: 400;\">O material das focinheiras Ki corresponde \u00e0s focinheiras agr\u00edcolas padr\u00e3o. A vida \u00fatil estimada \u00e9 de aproximadamente 4 anos, dependendo do uso. <\/span>[\/vc_column_text][\/toggle][toggle color=&#8221;Accent-Color&#8221; heading_tag=&#8221;h3&#8243; heading_tag_functionality=&#8221;default&#8221; title=&#8221;Quantos animais posso colocar por hectare?&#8221;][vc_column_text]<span style=\"font-weight: 400;\">Isso depende do clima, da regi\u00e3o, do manejo do pasto e da oferta de pasto existente. <\/span><\/p>\n<p><span style=\"font-weight: 400;\">Para refer\u00eancia, <\/span><span style=\"font-weight: 400;\">e<\/span><span style=\"font-weight: 400;\">o bioma pampeano (assim s\u00e3o classificadas as extensas plan\u00edcies ou pastagens do centro-leste da Argentina, parte do Uruguai e sul do Brasil),<\/span> <span style=\"font-weight: 400;\">estima-se que uma ovelha ou cabra <\/span><span style=\"font-weight: 400;\">consome de 6 a 8 m\u00b2 de pasto por dia. <\/span><\/p>\n<p><span style=\"font-weight: 400;\">Levando isso em conta e as diferentes experi\u00eancias dos produtores de frutas, geralmente s\u00e3o usados de 6 a 10 animais por hectare (baixa densidade) e at\u00e9 70 animais por hectare (alta densidade). Esse n\u00famero depende muito do manejo dos animais.\u00a0da disponibilidade de m\u00e3o de obra e o tipo de neg\u00f3cio preferido para as ovelhas. Por exemplo, se voc\u00ea pastorear de forma racional, poder\u00e1 aumentar significativamente o n\u00famero de animais por hectare.<\/span>[\/vc_column_text][\/toggle][toggle color=&#8221;Accent-Color&#8221; heading_tag=&#8221;h3&#8243; heading_tag_functionality=&#8221;default&#8221; title=&#8221;Como posso gerar renda al\u00e9m da fruticultura com animais?&#8221;][vc_column_text]<span style=\"font-weight: 400;\">A incorpora\u00e7\u00e3o do Sistema Ki permite renda adicional aos produtores de frutas por meio da incorpora\u00e7\u00e3o de um &#8220;segundo andar produtivo&#8221; com ovinos ou caprinos. A cria\u00e7\u00e3o de gado permite a diversifica\u00e7\u00e3o da renda em um mesmo lote de terra, possibilitando a obten\u00e7\u00e3o de renda com a engorda de ovelhas ou cabras, a venda de filhotes, l\u00e3 e\/ou outros subprodutos (como leite e queijo, por exemplo). <\/span><\/p>\n<p><span style=\"font-weight: 400;\">V\u00e1rias experi\u00eancias de produtores conseguiram combinar e desenvolver a silvopastor\u00edcia em planta\u00e7\u00f5es de frutas incorporando animais em suas fazendas ou fazendo alian\u00e7as entre produtores de gado que permitem que os benef\u00edcios sejam compartilhados entre os criadores de gado e os produtores de frutas em \u00e1reas pr\u00f3ximas. <\/span>[\/vc_column_text][\/toggle][toggle color=&#8221;Accent-Color&#8221; heading_tag=&#8221;h3&#8243; heading_tag_functionality=&#8221;default&#8221; title=&#8221;H\u00e1 inconvenientes na obten\u00e7\u00e3o de certifica\u00e7\u00f5es com a introdu\u00e7\u00e3o de animais nas fruteiras?&#8221;][vc_column_text]<span style=\"font-weight: 400;\">As certifica\u00e7\u00f5es s\u00e3o uma excelente pr\u00e1tica de diferencia\u00e7\u00e3o para os fruticultores que exportam para mercados exigentes como o europeu. <\/span><span style=\"font-weight: 400;\">Estes visam garantir a seguran\u00e7a alimentar, demonstrando o compromisso e a responsabilidade do produtor com a seguran\u00e7a e sustentabilidade econ\u00f3mica, social e ambiental.<\/span><\/p>\n<p><span style=\"font-weight: 400;\">N\u00e3o existem certifica\u00e7\u00f5es que impe\u00e7am ou desencorajem a coexist\u00eancia entre a fruticultura e os animais (como ovinos ou caprinos), mas sim a presen\u00e7a de animais \u00e9 valorizada positivamente pelas normas de certifica\u00e7\u00e3o pela sua contribui\u00e7\u00e3o para a biodiversidade e regenera\u00e7\u00e3o do solo.<\/span><\/p>\n<p><span style=\"font-weight: 400;\">O adubo org\u00e2nico das ovelhas promove a vida e a sa\u00fade do solo, fornecendo microrganismos que os herbicidas eliminam. Da mesma forma, esta fertiliza\u00e7\u00e3o natural \u00e9 recomendada porque evita a compacta\u00e7\u00e3o e eros\u00e3o do solo.<\/span><\/p>\n<p><span style=\"font-weight: 400;\">A utiliza\u00e7\u00e3o do Sistema Ki para manejo ou controle de ervas daninhas combina pr\u00e1ticas em favor da biodiversidade, regenera\u00e7\u00e3o do solo e economia de custos de forma inovadora.<\/span>[\/vc_column_text][\/toggle][toggle color=&#8221;Accent-Color&#8221; heading_tag=&#8221;h3&#8243; heading_tag_functionality=&#8221;default&#8221; title=&#8221;O que devo fazer se um animal parecer desconfort\u00e1vel com a focinheira?&#8221;][vc_column_text]<span style=\"font-weight: 400;\">Verifique os pontos de ajuste para garantir que a focinheira Ki n\u00e3o esteja muito apertada ou frouxa. \u00c9 importante garantir que a focinheira Ki esteja corretamente ajustada de acordo com os manuais do usu\u00e1rio e as especifica\u00e7\u00f5es fornecidas pela Ki. <\/span><\/p>\n<p><span style=\"font-weight: 400;\">A focinheira foi desenhada tendo em mente o bem-estar e os cuidados com o animal, minimizando qualquer interfer\u00eancia na alimenta\u00e7\u00e3o e no comportamento.<\/span><\/p>\n<p><span style=\"font-weight: 400;\">Se o problema persistir, entre em contato conosco para obter orienta\u00e7\u00e3o.<\/span>[\/vc_column_text][\/toggle][\/toggles][\/vc_column][\/vc_row]\n","protected":false},"excerpt":{"rendered":"<p>[vc_row type=&#8221;full_width_content&#8221; full_screen_row_position=&#8221;middle&#8221; column_margin=&#8221;default&#8221; equal_height=&#8221;yes&#8221; content_placement=&#8221;top&#8221; column_direction=&#8221;default&#8221; column_direction_tablet=&#8221;default&#8221; column_direction_phone=&#8221;default&#8221; bg_color=&#8221;#b7ce42&#8243; bg_image=&#8221;535&#8243; bg_position=&#8221;left top&#8221; background_image_loading=&#8221;default&#8221; bg_repeat=&#8221;no-repeat&#8221; scene_position=&#8221;center&#8221; top_padding=&#8221;12%&#8221; bottom_padding=&#8221;5%&#8221; left_padding_desktop=&#8221;8%&#8221; constrain_group_2=&#8221;yes&#8221; right_padding_desktop=&#8221;8%&#8221; bottom_padding_tablet=&#8221;12%&#8221; left_padding_tablet=&#8221;20vw&#8221; constrain_group_4=&#8221;yes&#8221; right_padding_tablet=&#8221;20vw&#8221; left_padding_phone=&#8221;7vw&#8221; constrain_group_6=&#8221;yes&#8221; right_padding_phone=&#8221;7vw&#8221; text_color=&#8221;dark&#8221; text_align=&#8221;left&#8221;&#8230;<\/p>\n","protected":false},"author":3,"featured_media":0,"parent":0,"menu_order":0,"comment_status":"closed","ping_status":"closed","template":"","meta":{"footnotes":""},"class_list":["post-5211","page","type-page","status-publish"],"_links":{"self":[{"href":"https:\/\/kiagrosoluciones.com\/pt-br\/wp-json\/wp\/v2\/pages\/5211","targetHints":{"allow":["GET"]}}],"collection":[{"href":"https:\/\/kiagrosoluciones.com\/pt-br\/wp-json\/wp\/v2\/pages"}],"about":[{"href":"https:\/\/kiagrosoluciones.com\/pt-br\/wp-json\/wp\/v2\/types\/page"}],"author":[{"embeddable":true,"href":"https:\/\/kiagrosoluciones.com\/pt-br\/wp-json\/wp\/v2\/users\/3"}],"replies":[{"embeddable":true,"href":"https:\/\/kiagrosoluciones.com\/pt-br\/wp-json\/wp\/v2\/comments?post=5211"}],"version-history":[{"count":10,"href":"https:\/\/kiagrosoluciones.com\/pt-br\/wp-json\/wp\/v2\/pages\/5211\/revisions"}],"predecessor-version":[{"id":5432,"href":"https:\/\/kiagrosoluciones.com\/pt-br\/wp-json\/wp\/v2\/pages\/5211\/revisions\/5432"}],"wp:attachment":[{"href":"https:\/\/kiagrosoluciones.com\/pt-br\/wp-json\/wp\/v2\/media?parent=5211"}],"curies":[{"name":"wp","href":"https:\/\/api.w.org\/{rel}","templated":true}]}}