{"id":5264,"date":"2023-07-13T12:15:38","date_gmt":"2023-07-13T15:15:38","guid":{"rendered":"https:\/\/kiagrosoluciones.com\/nos\/"},"modified":"2025-04-07T23:25:23","modified_gmt":"2025-04-08T02:25:23","slug":"nos","status":"publish","type":"page","link":"https:\/\/kiagrosoluciones.com\/pt-br\/nos\/","title":{"rendered":"N\u00f3s"},"content":{"rendered":"[vc_row type=&#8221;full_width_background&#8221; full_screen_row_position=&#8221;middle&#8221; column_margin=&#8221;20px&#8221; equal_height=&#8221;yes&#8221; content_placement=&#8221;middle&#8221; column_direction=&#8221;default&#8221; column_direction_tablet=&#8221;default&#8221; column_direction_phone=&#8221;default&#8221; scene_position=&#8221;center&#8221; top_padding=&#8221;7%&#8221; bottom_padding=&#8221;8%&#8221; text_color=&#8221;dark&#8221; text_align=&#8221;left&#8221; row_border_radius=&#8221;none&#8221; row_border_radius_applies=&#8221;bg&#8221; overflow=&#8221;visible&#8221; id=&#8221;nosotros&#8221; overlay_strength=&#8221;0.3&#8243; gradient_direction=&#8221;left_to_right&#8221; shape_divider_position=&#8221;bottom&#8221; bg_image_animation=&#8221;none&#8221; shape_type=&#8221;&#8221; gradient_type=&#8221;default&#8221;][vc_column column_padding=&#8221;padding-2-percent&#8221; column_padding_tablet=&#8221;inherit&#8221; column_padding_phone=&#8221;inherit&#8221; column_padding_position=&#8221;top&#8221; column_element_direction_desktop=&#8221;default&#8221; column_element_spacing=&#8221;default&#8221; desktop_text_alignment=&#8221;default&#8221; tablet_text_alignment=&#8221;default&#8221; phone_text_alignment=&#8221;default&#8221; background_color_opacity=&#8221;1&#8243; background_hover_color_opacity=&#8221;1&#8243; column_backdrop_filter=&#8221;none&#8221; column_shadow=&#8221;none&#8221; column_border_radius=&#8221;none&#8221; column_link_target=&#8221;_self&#8221; column_position=&#8221;default&#8221; gradient_direction=&#8221;left_to_right&#8221; overlay_strength=&#8221;0.3&#8243; width=&#8221;1\/2&#8243; tablet_width_inherit=&#8221;default&#8221; animation_type=&#8221;default&#8221; bg_image_animation=&#8221;none&#8221; border_type=&#8221;simple&#8221; column_border_width=&#8221;none&#8221; column_border_style=&#8221;solid&#8221;][vc_row_inner content_placement=&#8221;middle&#8221; column_margin=&#8221;none&#8221; column_direction=&#8221;default&#8221; column_direction_tablet=&#8221;default&#8221; column_direction_phone=&#8221;default&#8221; text_align=&#8221;left&#8221; row_position=&#8221;default&#8221; row_position_tablet=&#8221;inherit&#8221; row_position_phone=&#8221;inherit&#8221; overflow=&#8221;visible&#8221; pointer_events=&#8221;all&#8221;][vc_column_inner column_padding=&#8221;no-extra-padding&#8221; column_padding_tablet=&#8221;inherit&#8221; column_padding_phone=&#8221;inherit&#8221; column_padding_position=&#8221;all&#8221; column_element_direction_desktop=&#8221;default&#8221; column_element_spacing=&#8221;default&#8221; desktop_text_alignment=&#8221;default&#8221; tablet_text_alignment=&#8221;default&#8221; phone_text_alignment=&#8221;default&#8221; background_color_opacity=&#8221;1&#8243; background_hover_color_opacity=&#8221;1&#8243; column_backdrop_filter=&#8221;none&#8221; column_shadow=&#8221;none&#8221; column_border_radius=&#8221;none&#8221; column_link_target=&#8221;_self&#8221; overflow=&#8221;visible&#8221; gradient_direction=&#8221;left_to_right&#8221; overlay_strength=&#8221;0.3&#8243; width=&#8221;1\/1&#8243; tablet_width_inherit=&#8221;default&#8221; animation_type=&#8221;default&#8221; bg_image_animation=&#8221;none&#8221; border_type=&#8221;simple&#8221; column_border_width=&#8221;none&#8221; column_border_style=&#8221;solid&#8221;][nectar_highlighted_text scribble_color=&#8221;#b7ce42&#8243; style=&#8221;scribble&#8221; scribble_shape=&#8221;basic-underline&#8221; scribble_thickness=&#8221;regular&#8221; scribble_speed=&#8221;0s&#8221; scribble_easing=&#8221;ease_in_out&#8221; disable_mobile_animation=&#8221;true&#8221; custom_font_size=&#8221;3vw&#8221; font_size_tablet=&#8221;7vw&#8221; font_line_height=&#8221;1.1em&#8221; delay=&#8221;400&#8243;]\n<h2><em>Quem somos<\/em><\/h2>\n[\/nectar_highlighted_text][\/vc_column_inner][\/vc_row_inner][divider line_type=&#8221;No Line&#8221; custom_height=&#8221;5vh&#8221;][vc_row_inner content_placement=&#8221;middle&#8221; column_margin=&#8221;default&#8221; column_direction=&#8221;default&#8221; column_direction_tablet=&#8221;default&#8221; column_direction_phone=&#8221;default&#8221; text_align=&#8221;left&#8221; row_position=&#8221;default&#8221; row_position_tablet=&#8221;inherit&#8221; row_position_phone=&#8221;inherit&#8221; overflow=&#8221;visible&#8221; pointer_events=&#8221;all&#8221;][vc_column_inner column_padding=&#8221;no-extra-padding&#8221; column_padding_tablet=&#8221;inherit&#8221; column_padding_phone=&#8221;inherit&#8221; column_padding_position=&#8221;all&#8221; column_element_direction_desktop=&#8221;default&#8221; column_element_spacing=&#8221;default&#8221; desktop_text_alignment=&#8221;default&#8221; tablet_text_alignment=&#8221;default&#8221; phone_text_alignment=&#8221;default&#8221; background_color_opacity=&#8221;1&#8243; background_hover_color_opacity=&#8221;1&#8243; column_backdrop_filter=&#8221;none&#8221; column_shadow=&#8221;none&#8221; column_border_radius=&#8221;none&#8221; column_link_target=&#8221;_self&#8221; overflow=&#8221;visible&#8221; gradient_direction=&#8221;left_to_right&#8221; overlay_strength=&#8221;0.3&#8243; width=&#8221;1\/1&#8243; tablet_width_inherit=&#8221;default&#8221; animation_type=&#8221;default&#8221; enable_animation=&#8221;true&#8221; animation=&#8221;fade-in-from-bottom&#8221; animation_easing=&#8221;default&#8221; bg_image_animation=&#8221;none&#8221; border_type=&#8221;simple&#8221; column_border_width=&#8221;none&#8221; column_border_style=&#8221;solid&#8221; delay=&#8221;100&#8243;][vc_column_text css_animation=&#8221;none&#8221; css=&#8221;.vc_custom_1744079125591{margin-top: 15px !important;}&#8221; max_width=&#8221;550&#8243;]<strong>Nosso come\u00e7o<\/strong><\/p>\n<p><span style=\"font-weight: 400;\"><strong>KI Soluciones Agrosostenibles<\/strong> nasceu da colabora\u00e7\u00e3o entre Mart\u00edn Guarini e Diego Fraga.<\/span><\/p>\n<p><span style=\"font-weight: 400;\">Mart\u00edn traz sua vasta experi\u00eancia no setor agr\u00edcola como produtor hort\u00edcola e c\u00edtrico, enquanto Diego tem mais de 25 anos de experi\u00eancia no design e desenvolvimento de novos produtos.<\/span><\/p>\n<p><span style=\"font-weight: 400;\">Na KI, acreditamos firmemente no desenvolvimento sustent\u00e1vel da produ\u00e7\u00e3o agr\u00edcola. Esse prop\u00f3sito nos impulsa a inovar constantemente, buscando solu\u00e7\u00f5es que gerem impacto econ\u00f4mico, social e ambiental positivo.<\/span><\/p>\n<p><strong>Nosso equipe<\/strong><\/p>\n<p>Contamos com uma equipe multidisciplinar, altamente treinado, capacitado e comprometido com a transforma\u00e7\u00e3o sustent\u00e1vel do setor agr\u00edcola. Nosso abordagem combina experi\u00eancia t\u00e9cnica em sistemas de produ\u00e7\u00e3o sustent\u00e1veis, design e desenvolvimento de inova\u00e7\u00f5es e uma vis\u00e3o estrat\u00e9gica que integra aspectos comerciais, sociais e ambientais.<\/p>\n<p>A equipe se destaca pela capacidade de:<\/p>\n<ul>\n<li>Desenhar solu\u00e7\u00f5es inovadoras adaptadas \u00e0s necessidades dos produtores.<\/li>\n<li>Liderar projetos de pesquisa e desenvolvimento com uma abordagem pr\u00e1tica e orientada para resultados.<\/li>\n<li>Refor\u00e7ar a inclus\u00e3o e a equidade no setor agr\u00edcola, promovendo a sustentabilidade social.<\/li>\n<li>Gestionar e otimizar cadeias de valor a n\u00edvel nacional e internacional, ligando mercados e potenciando oportunidades comerciais.<\/li>\n<li>Compreender a din\u00e2mica dos sistemas produtivos e propor estrat\u00e9gias personalizadas para cada contexto regional.<\/li>\n<\/ul>\n<p>A nossa abordagem e compromisso permitem-nos acompanhar os produtores de fruta no seu crescimento, desenvolvendo solu\u00e7\u00f5es que gerem valor e sustentabilidade a longo prazo.[\/vc_column_text][\/vc_column_inner][\/vc_row_inner][\/vc_column][vc_column column_padding=&#8221;no-extra-padding&#8221; column_padding_tablet=&#8221;inherit&#8221; column_padding_phone=&#8221;inherit&#8221; column_padding_position=&#8221;all&#8221; column_element_direction_desktop=&#8221;default&#8221; column_element_spacing=&#8221;default&#8221; desktop_text_alignment=&#8221;default&#8221; tablet_text_alignment=&#8221;default&#8221; phone_text_alignment=&#8221;default&#8221; background_color_opacity=&#8221;1&#8243; background_hover_color_opacity=&#8221;1&#8243; column_backdrop_filter=&#8221;none&#8221; column_shadow=&#8221;none&#8221; column_border_radius=&#8221;none&#8221; column_link_target=&#8221;_self&#8221; column_position=&#8221;default&#8221; gradient_direction=&#8221;left_to_right&#8221; overlay_strength=&#8221;0.3&#8243; width=&#8221;1\/6&#8243; tablet_width_inherit=&#8221;default&#8221; animation_type=&#8221;default&#8221; bg_image_animation=&#8221;none&#8221; border_type=&#8221;simple&#8221; column_border_width=&#8221;none&#8221; column_border_style=&#8221;solid&#8221;][\/vc_column][vc_column column_padding=&#8221;no-extra-padding&#8221; column_padding_tablet=&#8221;inherit&#8221; column_padding_phone=&#8221;inherit&#8221; column_padding_position=&#8221;all&#8221; column_element_direction_desktop=&#8221;default&#8221; column_element_spacing=&#8221;default&#8221; desktop_text_alignment=&#8221;default&#8221; tablet_text_alignment=&#8221;default&#8221; phone_text_alignment=&#8221;default&#8221; background_color_opacity=&#8221;1&#8243; background_hover_color_opacity=&#8221;1&#8243; column_backdrop_filter=&#8221;none&#8221; column_shadow=&#8221;none&#8221; column_border_radius=&#8221;none&#8221; column_link_target=&#8221;_self&#8221; column_position=&#8221;default&#8221; gradient_direction=&#8221;left_to_right&#8221; overlay_strength=&#8221;0.3&#8243; width=&#8221;1\/3&#8243; tablet_width_inherit=&#8221;default&#8221; animation_type=&#8221;default&#8221; bg_image_animation=&#8221;none&#8221; border_type=&#8221;simple&#8221; column_border_width=&#8221;none&#8221; column_border_style=&#8221;solid&#8221; offset=&#8221;vc_col-md-offset-0 vc_col-sm-offset-2 vc_col-xs-offset-2 vc_col-xs-8&#8243;][nectar_cascading_images image_1_url=&#8221;153&#8243; image_1_offset_x_sign=&#8221;+&#8221; image_1_offset_x=&#8221;0%&#8221; image_1_offset_y_sign=&#8221;+&#8221; image_1_offset_y=&#8221;0%&#8221; image_1_rotate_sign=&#8221;+&#8221; image_1_rotate=&#8221;none&#8221; image_1_scale=&#8221;1&#8243; image_1_padding=&#8221;none&#8221; image_1_box_shadow=&#8221;none&#8221; image_1_max_width_desktop=&#8221;100%&#8221; image_1_max_width_mobile=&#8221;100%&#8221; image_1_image_width_mobile=&#8221;default&#8221; image_2_url=&#8221;259&#8243; image_2_offset_x_sign=&#8221;-&#8221; image_2_offset_x=&#8221;30%&#8221; image_2_offset_y_sign=&#8221;+&#8221; image_2_offset_y=&#8221;20%&#8221; image_2_rotate_sign=&#8221;+&#8221; image_2_rotate=&#8221;none&#8221; image_2_scale=&#8221;1&#8243; image_2_padding=&#8221;none&#8221; image_2_box_shadow=&#8221;x_large_depth&#8221; image_2_max_width_desktop=&#8221;100%&#8221; image_2_max_width_mobile=&#8221;100%&#8221; image_2_image_width_mobile=&#8221;default&#8221; image_3_offset_x_sign=&#8221;-&#8221; image_3_offset_x=&#8221;0%&#8221; image_3_offset_y_sign=&#8221;-&#8221; image_3_offset_y=&#8221;0%&#8221; image_3_rotate_sign=&#8221;+&#8221; image_3_rotate=&#8221;none&#8221; image_3_scale=&#8221;1&#8243; image_3_padding=&#8221;auto&#8221; image_3_box_shadow=&#8221;none&#8221; image_3_max_width_desktop=&#8221;100%&#8221; image_3_max_width_mobile=&#8221;100%&#8221; image_3_image_width_mobile=&#8221;default&#8221; image_4_offset_x_sign=&#8221;+&#8221; image_4_offset_x=&#8221;0%&#8221; image_4_offset_y_sign=&#8221;+&#8221; image_4_offset_y=&#8221;0%&#8221; image_4_rotate_sign=&#8221;+&#8221; image_4_rotate=&#8221;none&#8221; image_4_scale=&#8221;1&#8243; image_4_padding=&#8221;auto&#8221; image_4_box_shadow=&#8221;none&#8221; image_4_max_width_desktop=&#8221;100%&#8221; image_4_max_width_mobile=&#8221;100%&#8221; image_4_image_width_mobile=&#8221;default&#8221; element_sizing=&#8221;default&#8221; image_loading=&#8221;lazy-load&#8221; border_radius=&#8221;5px&#8221; parallax_scrolling=&#8221;yes&#8221; layer_1_parallax_scrolling=&#8221;yes&#8221; parallax_scrolling_intensity=&#8221;medium&#8221; overflow=&#8221;visible&#8221;][\/vc_column][\/vc_row][vc_row type=&#8221;full_width_content&#8221; full_screen_row_position=&#8221;middle&#8221; column_margin=&#8221;default&#8221; equal_height=&#8221;yes&#8221; content_placement=&#8221;middle&#8221; column_direction=&#8221;default&#8221; column_direction_tablet=&#8221;default&#8221; column_direction_phone=&#8221;default&#8221; scene_position=&#8221;center&#8221; left_padding_desktop=&#8221;27vw&#8221; constrain_group_2=&#8221;yes&#8221; right_padding_desktop=&#8221;27vw&#8221; bottom_padding_tablet=&#8221;12%&#8221; left_padding_tablet=&#8221;20vw&#8221; constrain_group_4=&#8221;yes&#8221; right_padding_tablet=&#8221;20vw&#8221; top_padding_phone=&#8221;20vw&#8221; left_padding_phone=&#8221;7vw&#8221; constrain_group_6=&#8221;yes&#8221; right_padding_phone=&#8221;7vw&#8221; bottom_margin=&#8221;120px&#8221; text_color=&#8221;dark&#8221; text_align=&#8221;left&#8221; row_border_radius=&#8221;none&#8221; row_border_radius_applies=&#8221;bg&#8221; overflow=&#8221;visible&#8221; id=&#8221;quehacemos&#8221; advanced_gradient_angle=&#8221;0&#8243; overlay_strength=&#8221;0.3&#8243; gradient_direction=&#8221;left_to_right&#8221; shape_divider_position=&#8221;bottom&#8221; bg_image_animation=&#8221;none&#8221; gradient_type=&#8221;default&#8221; shape_type=&#8221;&#8221;][vc_column column_element_direction_desktop=&#8221;default&#8221; column_element_spacing=&#8221;0px&#8221; desktop_text_alignment=&#8221;default&#8221; tablet_text_alignment=&#8221;default&#8221; phone_text_alignment=&#8221;default&#8221; background_color_opacity=&#8221;1&#8243; background_hover_color_opacity=&#8221;1&#8243; column_backdrop_filter=&#8221;none&#8221; column_shadow=&#8221;none&#8221; column_border_radius=&#8221;none&#8221; column_link_target=&#8221;_self&#8221; column_position=&#8221;static&#8221; advanced_gradient_angle=&#8221;65&#8243; width=&#8221;1\/1&#8243; tablet_width_inherit=&#8221;default&#8221; animation_type=&#8221;default&#8221; bg_image_animation=&#8221;none&#8221; border_type=&#8221;simple&#8221; column_border_width=&#8221;none&#8221; column_border_style=&#8221;solid&#8221; column_padding_type=&#8221;advanced&#8221; gradient_type=&#8221;advanced&#8221; advanced_gradient_display_type=&#8221;linear&#8221;][vc_row_inner column_margin=&#8221;default&#8221; column_direction=&#8221;default&#8221; column_direction_tablet=&#8221;default&#8221; column_direction_phone=&#8221;default&#8221; bottom_padding=&#8221;7%&#8221; text_align=&#8221;left&#8221; row_position=&#8221;default&#8221; row_position_tablet=&#8221;inherit&#8221; row_position_phone=&#8221;inherit&#8221; overflow=&#8221;visible&#8221; pointer_events=&#8221;all&#8221;][vc_column_inner column_padding=&#8221;no-extra-padding&#8221; column_padding_tablet=&#8221;inherit&#8221; column_padding_phone=&#8221;inherit&#8221; column_padding_position=&#8221;all&#8221; column_element_direction_desktop=&#8221;default&#8221; column_element_spacing=&#8221;0px&#8221; desktop_text_alignment=&#8221;default&#8221; tablet_text_alignment=&#8221;default&#8221; phone_text_alignment=&#8221;default&#8221; background_color_opacity=&#8221;1&#8243; background_hover_color_opacity=&#8221;1&#8243; column_backdrop_filter=&#8221;none&#8221; column_shadow=&#8221;none&#8221; column_border_radius=&#8221;none&#8221; column_link_target=&#8221;_self&#8221; overflow=&#8221;visible&#8221; gradient_direction=&#8221;left_to_right&#8221; overlay_strength=&#8221;0.3&#8243; width=&#8221;1\/1&#8243; tablet_width_inherit=&#8221;default&#8221; animation_type=&#8221;default&#8221; enable_animation=&#8221;true&#8221; animation=&#8221;fade-in&#8221; animation_easing=&#8221;default&#8221; bg_image_animation=&#8221;none&#8221; border_type=&#8221;simple&#8221; column_border_width=&#8221;none&#8221; column_border_style=&#8221;solid&#8221; column_padding_type=&#8221;default&#8221; gradient_type=&#8221;default&#8221; animation_offset=&#8221;90%&#8221;][nectar_animated_shape shape_color=&#8221;#b7ce42&#8243; width_desktop=&#8221;15vw&#8221; animation=&#8221;none&#8221; animation_easing=&#8221;default&#8221; animation_movement_type=&#8221;transform_y&#8221; animation_movement_intensity=&#8221;0.6&#8243; animation_movement_persist_on_mobile=&#8221;true&#8221; position_desktop=&#8221;absolute&#8221; top_position_desktop=&#8221;0&#8243; left_position_desktop=&#8221;0&#8243; translate_y_desktop=&#8221;-30%&#8221; translate_x_desktop=&#8221;-50%&#8221; zindex=&#8221;-1&#8243;][nectar_highlighted_text scribble_color=&#8221;#b7ce42&#8243; style=&#8221;scribble&#8221; scribble_thickness=&#8221;thick&#8221; scribble_speed=&#8221;1.8s&#8221; scribble_easing=&#8221;ease_in_out&#8221; custom_font_size=&#8221;3vw&#8221; id=&#8221;circle-highlight2&#8243; font_line_height=&#8221;1.4&#8243; font_size_tablet=&#8221;7vw&#8221;]\n<h2><b>O que fazemos na <em>KI?<\/em><\/b><\/h2>\n[\/nectar_highlighted_text][\/vc_column_inner][\/vc_row_inner][vc_row_inner column_margin=&#8221;default&#8221; column_direction=&#8221;default&#8221; column_direction_tablet=&#8221;default&#8221; column_direction_phone=&#8221;default&#8221; text_align=&#8221;left&#8221; row_position=&#8221;default&#8221; row_position_tablet=&#8221;inherit&#8221; row_position_phone=&#8221;inherit&#8221; overflow=&#8221;visible&#8221; pointer_events=&#8221;all&#8221;][vc_column_inner column_padding=&#8221;no-extra-padding&#8221; column_padding_tablet=&#8221;inherit&#8221; column_padding_phone=&#8221;inherit&#8221; column_padding_position=&#8221;all&#8221; left_margin=&#8221;6vw&#8221; column_element_direction_desktop=&#8221;default&#8221; column_element_spacing=&#8221;default&#8221; desktop_text_alignment=&#8221;default&#8221; tablet_text_alignment=&#8221;default&#8221; phone_text_alignment=&#8221;default&#8221; background_color_opacity=&#8221;1&#8243; background_hover_color_opacity=&#8221;1&#8243; column_backdrop_filter=&#8221;none&#8221; column_shadow=&#8221;none&#8221; column_border_radius=&#8221;none&#8221; column_link_target=&#8221;_self&#8221; overflow=&#8221;visible&#8221; gradient_direction=&#8221;left_to_right&#8221; overlay_strength=&#8221;0.3&#8243; width=&#8221;1\/1&#8243; tablet_width_inherit=&#8221;default&#8221; animation_type=&#8221;default&#8221; bg_image_animation=&#8221;none&#8221; border_type=&#8221;simple&#8221; column_border_width=&#8221;none&#8221; column_border_style=&#8221;solid&#8221; column_padding_type=&#8221;default&#8221; gradient_type=&#8221;default&#8221;][vc_column_text css_animation=&#8221;none&#8221; css=&#8221;.vc_custom_1744079194162{margin-top: 15px !important;}&#8221; max_width=&#8221;550&#8243;]Na KI, desenhamos, desenvolvemos e comercializamos solu\u00e7\u00f5es agro-sustent\u00e1veis para alcan\u00e7ar um impacto ambiental, econ\u00f4mico e social positivo.<\/p>\n<p>Estamos intimamente familiarizados com as necessidades e os desafios enfrentados pelos produtores. Somos apaixonados por encontrar solu\u00e7\u00f5es que tornem poss\u00edvel o trabalho e a vida no campo, alcan\u00e7ando uma produ\u00e7\u00e3o sustent\u00e1vel e diferenciada.<br \/>\nGostamos de dizer que fornecemos solu\u00e7\u00f5es para o produtor, n\u00e3o problemas, e dizemos isso porque entendemos e conhecemos o campo e compartilhamos o sentimento de trabalhar no campo com as dificuldades que isso acarreta.<\/p>\n<p>&nbsp;<\/p>\n<p><strong>Nossa proposta de valor<\/strong><\/p>\n<p>Entendemos profundamente as realidades e as necessidades dos produtores de frutas de cada regi\u00e3o. A partir desse conhecimento, criamos solu\u00e7\u00f5es inovadoras que respondem aos seus desafios e melhoram seu crescimento, sempre com uma abordagem sustent\u00e1vel e adaptada a cada contexto.[\/vc_column_text][\/vc_column_inner][\/vc_row_inner][\/vc_column][\/vc_row]\n","protected":false},"excerpt":{"rendered":"<p>[vc_row type=&#8221;full_width_background&#8221; full_screen_row_position=&#8221;middle&#8221; column_margin=&#8221;20px&#8221; equal_height=&#8221;yes&#8221; content_placement=&#8221;middle&#8221; column_direction=&#8221;default&#8221; column_direction_tablet=&#8221;default&#8221; column_direction_phone=&#8221;default&#8221; scene_position=&#8221;center&#8221; top_padding=&#8221;7%&#8221; bottom_padding=&#8221;8%&#8221; text_color=&#8221;dark&#8221; text_align=&#8221;left&#8221; row_border_radius=&#8221;none&#8221; row_border_radius_applies=&#8221;bg&#8221; overflow=&#8221;visible&#8221; id=&#8221;nosotros&#8221; overlay_strength=&#8221;0.3&#8243; gradient_direction=&#8221;left_to_right&#8221; shape_divider_position=&#8221;bottom&#8221; bg_image_animation=&#8221;none&#8221; shape_type=&#8221;&#8221; gradient_type=&#8221;default&#8221;][vc_column column_padding=&#8221;padding-2-percent&#8221; column_padding_tablet=&#8221;inherit&#8221; column_padding_phone=&#8221;inherit&#8221; column_padding_position=&#8221;top&#8221; column_element_direction_desktop=&#8221;default&#8221; column_element_spacing=&#8221;default&#8221;&#8230;<\/p>\n","protected":false},"author":3,"featured_media":0,"parent":0,"menu_order":0,"comment_status":"closed","ping_status":"closed","template":"","meta":{"footnotes":""},"class_list":["post-5264","page","type-page","status-publish"],"_links":{"self":[{"href":"https:\/\/kiagrosoluciones.com\/pt-br\/wp-json\/wp\/v2\/pages\/5264","targetHints":{"allow":["GET"]}}],"collection":[{"href":"https:\/\/kiagrosoluciones.com\/pt-br\/wp-json\/wp\/v2\/pages"}],"about":[{"href":"https:\/\/kiagrosoluciones.com\/pt-br\/wp-json\/wp\/v2\/types\/page"}],"author":[{"embeddable":true,"href":"https:\/\/kiagrosoluciones.com\/pt-br\/wp-json\/wp\/v2\/users\/3"}],"replies":[{"embeddable":true,"href":"https:\/\/kiagrosoluciones.com\/pt-br\/wp-json\/wp\/v2\/comments?post=5264"}],"version-history":[{"count":5,"href":"https:\/\/kiagrosoluciones.com\/pt-br\/wp-json\/wp\/v2\/pages\/5264\/revisions"}],"predecessor-version":[{"id":5425,"href":"https:\/\/kiagrosoluciones.com\/pt-br\/wp-json\/wp\/v2\/pages\/5264\/revisions\/5425"}],"wp:attachment":[{"href":"https:\/\/kiagrosoluciones.com\/pt-br\/wp-json\/wp\/v2\/media?parent=5264"}],"curies":[{"name":"wp","href":"https:\/\/api.w.org\/{rel}","templated":true}]}}